{"id":9752,"date":"2020-07-18T00:54:57","date_gmt":"2020-07-17T22:54:57","guid":{"rendered":"https:\/\/www.parcastronomicprades.cat\/experiencie\/camiseta-encenem-els-estels\/"},"modified":"2020-11-29T20:32:20","modified_gmt":"2020-11-29T18:32:20","slug":"mascarilla","status":"publish","type":"product","link":"https:\/\/dev.parcastronomicprades.cat\/es\/experiencias\/mascarilla\/","title":{"rendered":"Camiseta &#8220;Encenem els estels&#8221;"},"content":{"rendered":"<p>Camiseta de algod\u00f3n disponible en todas las tallas de ni\u00f1o, mujer y hombre.<br \/>\nColores disponibles: gris y rojo (consultar disponibilidad de colores seg\u00fan talla).<\/p>\n<p>Precio promocional web: 8 euros<br \/>\nPrecio en el Centro de Visitantes: 10 euros<\/p>\n","protected":false},"excerpt":{"rendered":"<p>Camiseta de algod\u00f3n disponible en todas las tallas de ni\u00f1o, mujer y hombre. Colores disponibles: gris y rojo (consultar disponibilidad de colores seg\u00fan talla). Precio promocional web: 8 euros Precio en el Centro de Visitantes: 10 euros<\/p>\n","protected":false},"author":1,"featured_media":8812,"comment_status":"open","ping_status":"closed","template":"","meta":{"_et_pb_use_builder":"","_et_pb_old_content":"","_et_gb_content_width":""},"product_cat":[77],"product_tag":[],"_links":{"self":[{"href":"https:\/\/dev.parcastronomicprades.cat\/es\/wp-json\/wp\/v2\/product\/9752"}],"collection":[{"href":"https:\/\/dev.parcastronomicprades.cat\/es\/wp-json\/wp\/v2\/product"}],"about":[{"href":"https:\/\/dev.parcastronomicprades.cat\/es\/wp-json\/wp\/v2\/types\/product"}],"author":[{"embeddable":true,"href":"https:\/\/dev.parcastronomicprades.cat\/es\/wp-json\/wp\/v2\/users\/1"}],"replies":[{"embeddable":true,"href":"https:\/\/dev.parcastronomicprades.cat\/es\/wp-json\/wp\/v2\/comments?post=9752"}],"wp:featuredmedia":[{"embeddable":true,"href":"https:\/\/dev.parcastronomicprades.cat\/es\/wp-json\/wp\/v2\/media\/8812"}],"wp:attachment":[{"href":"https:\/\/dev.parcastronomicprades.cat\/es\/wp-json\/wp\/v2\/media?parent=9752"}],"wp:term":[{"taxonomy":"product_cat","embeddable":true,"href":"https:\/\/dev.parcastronomicprades.cat\/es\/wp-json\/wp\/v2\/product_cat?post=9752"},{"taxonomy":"product_tag","embeddable":true,"href":"https:\/\/dev.parcastronomicprades.cat\/es\/wp-json\/wp\/v2\/product_tag?post=9752"}],"curies":[{"name":"wp","href":"https:\/\/api.w.org\/{rel}","templated":true}]}}