{"id":8916,"date":"2020-11-06T19:00:44","date_gmt":"2020-11-06T17:00:44","guid":{"rendered":"https:\/\/www.parcastronomicprades.cat\/?post_type=product&#038;p=8916"},"modified":"2020-11-23T02:02:32","modified_gmt":"2020-11-23T00:02:32","slug":"linterna-de-ma-luz-roja","status":"publish","type":"product","link":"https:\/\/dev.parcastronomicprades.cat\/es\/experiencias\/linterna-de-ma-luz-roja\/","title":{"rendered":"Linterna de mano (luz roja)"},"content":{"rendered":"<p>Linterna de luz roja con pilas.<\/p>\n","protected":false},"excerpt":{"rendered":"<p>Mascarilla quir\u00fargica Los beneficios recaudados se destinar\u00e1n a la Marat\u00f3 de TV3 2020 dedicada a la investigaci\u00f3n de la Covidien-19.<\/p>\n<p>Se recoge en el Centro de Visitantes. No se hacen env\u00edos.<\/p>\n","protected":false},"author":5,"featured_media":8918,"comment_status":"open","ping_status":"closed","template":"","meta":{"_et_pb_use_builder":"","_et_pb_old_content":"","_et_gb_content_width":""},"product_cat":[77],"product_tag":[],"_links":{"self":[{"href":"https:\/\/dev.parcastronomicprades.cat\/es\/wp-json\/wp\/v2\/product\/8916"}],"collection":[{"href":"https:\/\/dev.parcastronomicprades.cat\/es\/wp-json\/wp\/v2\/product"}],"about":[{"href":"https:\/\/dev.parcastronomicprades.cat\/es\/wp-json\/wp\/v2\/types\/product"}],"author":[{"embeddable":true,"href":"https:\/\/dev.parcastronomicprades.cat\/es\/wp-json\/wp\/v2\/users\/5"}],"replies":[{"embeddable":true,"href":"https:\/\/dev.parcastronomicprades.cat\/es\/wp-json\/wp\/v2\/comments?post=8916"}],"wp:featuredmedia":[{"embeddable":true,"href":"https:\/\/dev.parcastronomicprades.cat\/es\/wp-json\/wp\/v2\/media\/8918"}],"wp:attachment":[{"href":"https:\/\/dev.parcastronomicprades.cat\/es\/wp-json\/wp\/v2\/media?parent=8916"}],"wp:term":[{"taxonomy":"product_cat","embeddable":true,"href":"https:\/\/dev.parcastronomicprades.cat\/es\/wp-json\/wp\/v2\/product_cat?post=8916"},{"taxonomy":"product_tag","embeddable":true,"href":"https:\/\/dev.parcastronomicprades.cat\/es\/wp-json\/wp\/v2\/product_tag?post=8916"}],"curies":[{"name":"wp","href":"https:\/\/api.w.org\/{rel}","templated":true}]}}