{"id":8759,"date":"2020-11-06T17:59:48","date_gmt":"2020-11-06T15:59:48","guid":{"rendered":"https:\/\/www.parcastronomicprades.cat\/?post_type=product&#038;p=8759"},"modified":"2021-03-12T13:19:58","modified_gmt":"2021-03-12T12:19:58","slug":"empaqueta","status":"publish","type":"product","link":"https:\/\/dev.parcastronomicprades.cat\/es\/experiencias\/empaqueta\/","title":{"rendered":"Empaqueta tu experiencia"},"content":{"rendered":"<p>Caja regalo que se env\u00eda al domicilio que el comprador indique dentro de la Pen\u00ednsula Ib\u00e9rica y las Islas Baleares.<\/p>\n<p>La caja regalo incluye un punto de libro tem\u00e1tico (a elegir) con un c\u00f3digo equivalente al tipo y cantidad de entradas por la experiencia elegida (hay a\u00f1adirla a la cesta aparte de la caja regalo).<\/p>\n","protected":false},"excerpt":{"rendered":"<p>&nbsp;<\/p>\n<p>Regala una <strong>Experiencia Astron\u00f3mica Nocturna 360\u00b0<\/strong> a quien desees y podr\u00e1 descubrir el fant\u00e1stico cielo de Prades de la mano de nuestros <strong>Gu\u00edas astron\u00f3micos acreditados por la Fundaci\u00f3n Starlight<\/strong>.<\/p>\n<p>En qu\u00e9 consiste la experiencia?<\/p>\n<p><strong>En el Centro de Visitantes del Parque Astron\u00f3mico Monta\u00f1as de Prades: <\/strong><\/p>\n<ul>\n<li>Sesi\u00f3n al <strong>Planetario 360\u00b0 Full Dome<\/strong> con las m\u00e1s espectaculares producciones y simulaciones del universo comentadas en directo por nuestros <strong>Gu\u00edas Starlight<\/strong>. Una experiencia inmersiva que no os pod\u00e9is perder.<\/li>\n<li>Repaso audiovisual de las \u00faltimas <strong>noticias cient\u00edficas<\/strong> relacionadas con el universo y recorrido virtual por los fant\u00e1sticos cielos nocturnos del Parque Astron\u00f3mico Monta\u00f1as de Prades, y explicaci\u00f3n en detalle de los objetos a observar en esta sesi\u00f3n (ya pod\u00e9is consultar nuestro calendario para ver qu\u00e9 objetos ser\u00e1n los protagonistas de cada sesi\u00f3n).<\/li>\n<\/ul>\n<p><strong>En el Mirador Astron\u00f3mico de Sant Roc:<\/strong><\/p>\n<ul>\n<li>Observaci\u00f3n con <strong>telescopios automatizados y recorrido comentado y guiado con l\u00e1ser verde<\/strong> por las <strong>constelaciones y su mitolog\u00eda<\/strong>. Lo haremos desde el Mirador Astron\u00f3mico de Santo Roc, uno de los primeros miradores astron\u00f3micos de Catalu\u00f1a, en un en torno a gran belleza, con visi\u00f3n del cielo de 360\u00b0.<\/li>\n<\/ul>\n","protected":false},"author":5,"featured_media":9128,"comment_status":"open","ping_status":"closed","template":"","meta":{"_et_pb_use_builder":"off","_et_pb_old_content":"<strong>M\u00e1s INFORMACI\u00d3N:<\/strong>\r\n<ul>\r\n \t<li>xxx<\/li>\r\n \t<li style=\"list-style-type: none\">\r\n<ul>\r\n \t<li style=\"list-style-type: none\">\r\n<\/li><\/ul>\r\n<\/li>\r\n<\/ul>","_et_gb_content_width":""},"product_cat":[61],"product_tag":[],"_links":{"self":[{"href":"https:\/\/dev.parcastronomicprades.cat\/es\/wp-json\/wp\/v2\/product\/8759"}],"collection":[{"href":"https:\/\/dev.parcastronomicprades.cat\/es\/wp-json\/wp\/v2\/product"}],"about":[{"href":"https:\/\/dev.parcastronomicprades.cat\/es\/wp-json\/wp\/v2\/types\/product"}],"author":[{"embeddable":true,"href":"https:\/\/dev.parcastronomicprades.cat\/es\/wp-json\/wp\/v2\/users\/5"}],"replies":[{"embeddable":true,"href":"https:\/\/dev.parcastronomicprades.cat\/es\/wp-json\/wp\/v2\/comments?post=8759"}],"wp:featuredmedia":[{"embeddable":true,"href":"https:\/\/dev.parcastronomicprades.cat\/es\/wp-json\/wp\/v2\/media\/9128"}],"wp:attachment":[{"href":"https:\/\/dev.parcastronomicprades.cat\/es\/wp-json\/wp\/v2\/media?parent=8759"}],"wp:term":[{"taxonomy":"product_cat","embeddable":true,"href":"https:\/\/dev.parcastronomicprades.cat\/es\/wp-json\/wp\/v2\/product_cat?post=8759"},{"taxonomy":"product_tag","embeddable":true,"href":"https:\/\/dev.parcastronomicprades.cat\/es\/wp-json\/wp\/v2\/product_tag?post=8759"}],"curies":[{"name":"wp","href":"https:\/\/api.w.org\/{rel}","templated":true}]}}