{"id":6920,"date":"2020-07-27T21:18:23","date_gmt":"2020-07-27T20:18:23","guid":{"rendered":"https:\/\/www.parcastronomicprades.cat\/experiencie\/regala-astronomia\/"},"modified":"2020-09-04T21:15:45","modified_gmt":"2020-09-04T19:15:45","slug":"regala-astronomia-experiencias","status":"publish","type":"product","link":"https:\/\/dev.parcastronomicprades.cat\/es\/experiencias\/regala-astronomia-experiencias\/","title":{"rendered":"Regala Astronom\u00eda"},"content":{"rendered":"<ul>\n<li><strong>M\u00e1s INFORMACI\u00d3N:<\/strong>\n<ul>\n<li>Punto de encuentro: Centro de Visitantes del Parque Astron\u00f3mico Monta\u00f1as de Prades (C\/ Muralla, 5, 43364 Prades, Tarragona). M\u00e1ximo 15 &#8216;antes del inicio de la sesi\u00f3n.<\/li>\n<li>Por respeto al resto de asistentes, pasada la hora de inicio de la actividad no se podr\u00e1 acceder a la sesi\u00f3n.<\/li>\n<li>La observaci\u00f3n con telescopios se realiza a 10&#8242; en coche del punto de encuentro. Hay que disponer de transporte privado.<\/li>\n<li>Se aconseja llevar ropa de abrigo sea cual sea la \u00e9poca del a\u00f1o. Prades es una poblaci\u00f3n con clima de monta\u00f1a.<\/li>\n<li>Se aconseja, a pesar de que no es imprescindible, disponer de linterna o luz frontal de color rojo para una mejor adaptaci\u00f3n de nuestra vista al cielo oscuro. No se permite el uso de luz blanca durante la observaci\u00f3n con telescopios.<\/li>\n<li>No est\u00e1 permitida la entrada de animales en el Centro de Visitantes del *PAP.<\/li>\n<li>No est\u00e1 permitida la entrada de comer ni bebida en el Centro de Visitantes del *PAP.<\/li>\n<li>La organizaci\u00f3n se reserva el derecho de suspender la observaci\u00f3n en el Mirador Astron\u00f3mico de Sant Roc en caso de condiciones meteorol\u00f3gicas adversas. En este caso, nuestros gu\u00edas les ofrecer\u00e1n una entrada gratuita por la parte de observaci\u00f3n con telescopios disponible durante los siguientes 6 meses.<\/li>\n<li>Actividad accesible para personas con movilidad reducida.<\/li>\n<li>Los ni\u00f1os\/se menores de 6 a\u00f1os tienen entrada libre (presentando DNI, pasaporte o libro de familia) siempre que vayan acompa\u00f1ados de un adulto. A la sesi\u00f3n de planetario no dispondr\u00e1n de asiento propio.<\/li>\n<li>Duraci\u00f3n de la experiencia: 2h30 &#8216;<\/li>\n<\/ul>\n<\/li>\n<\/ul>\n","protected":false},"excerpt":{"rendered":"<p>&nbsp;<\/p>\n<p>Regala una <strong>Experiencia Astron\u00f3mica Nocturna 360\u00b0<\/strong> a quien desees y podr\u00e1 descubrir el fant\u00e1stico cielo de Prades de la mano de nuestros <strong>Gu\u00edas astron\u00f3micos acreditados por la Fundaci\u00f3n Starlight<\/strong>.<\/p>\n<p>En qu\u00e9 consiste la experiencia?<\/p>\n<p><strong>En el Centro de Visitantes del Parque Astron\u00f3mico Monta\u00f1as de Prades: <\/strong><\/p>\n<ul>\n<li>Sesi\u00f3n al <strong>Planetario 360\u00b0 Full Dome<\/strong> con las m\u00e1s espectaculares producciones y simulaciones del universo comentadas en directo por nuestros <strong>Gu\u00edas Starlight<\/strong>. Una experiencia inmersiva que no os pod\u00e9is perder.<\/li>\n<li>Repaso audiovisual de las \u00faltimas <strong>noticias cient\u00edficas<\/strong> relacionadas con el universo y recorrido virtual por los fant\u00e1sticos cielos nocturnos del Parque Astron\u00f3mico Monta\u00f1as de Prades, y explicaci\u00f3n en detalle de los objetos a observar en esta sesi\u00f3n (ya pod\u00e9is consultar nuestro calendario para ver qu\u00e9 objetos ser\u00e1n los protagonistas de cada sesi\u00f3n).<\/li>\n<\/ul>\n<p><strong>En el Mirador Astron\u00f3mico de Sant Roc:<\/strong><\/p>\n<ul>\n<li>Observaci\u00f3n con <strong>telescopios automatizados y recorrido comentado y guiado con l\u00e1ser verde<\/strong> por las <strong>constelaciones y su mitolog\u00eda<\/strong>. Lo haremos desde el Mirador Astron\u00f3mico de Santo Roc, uno de los primeros miradores astron\u00f3micos de Catalu\u00f1a, en un en torno a gran belleza, con visi\u00f3n del cielo de 360\u00b0.<\/li>\n<\/ul>\n","protected":false},"author":1,"featured_media":1307,"comment_status":"open","ping_status":"closed","template":"","meta":{"_et_pb_use_builder":"off","_et_pb_old_content":"<strong>M\u00e1s INFORMACI\u00d3N:<\/strong>\n<ul>\n \t<li>xxx<\/li>\n \t<li style=\"list-style-type: none\">\n<ul>\n \t<li style=\"list-style-type: none\">\n<\/li><\/ul>\n<\/li>\n<\/ul>","_et_gb_content_width":""},"product_cat":[71],"product_tag":[],"_links":{"self":[{"href":"https:\/\/dev.parcastronomicprades.cat\/es\/wp-json\/wp\/v2\/product\/6920"}],"collection":[{"href":"https:\/\/dev.parcastronomicprades.cat\/es\/wp-json\/wp\/v2\/product"}],"about":[{"href":"https:\/\/dev.parcastronomicprades.cat\/es\/wp-json\/wp\/v2\/types\/product"}],"author":[{"embeddable":true,"href":"https:\/\/dev.parcastronomicprades.cat\/es\/wp-json\/wp\/v2\/users\/1"}],"replies":[{"embeddable":true,"href":"https:\/\/dev.parcastronomicprades.cat\/es\/wp-json\/wp\/v2\/comments?post=6920"}],"wp:featuredmedia":[{"embeddable":true,"href":"https:\/\/dev.parcastronomicprades.cat\/es\/wp-json\/wp\/v2\/media\/1307"}],"wp:attachment":[{"href":"https:\/\/dev.parcastronomicprades.cat\/es\/wp-json\/wp\/v2\/media?parent=6920"}],"wp:term":[{"taxonomy":"product_cat","embeddable":true,"href":"https:\/\/dev.parcastronomicprades.cat\/es\/wp-json\/wp\/v2\/product_cat?post=6920"},{"taxonomy":"product_tag","embeddable":true,"href":"https:\/\/dev.parcastronomicprades.cat\/es\/wp-json\/wp\/v2\/product_tag?post=6920"}],"curies":[{"name":"wp","href":"https:\/\/api.w.org\/{rel}","templated":true}]}}