{"id":11111,"date":"2021-03-13T12:22:51","date_gmt":"2021-03-13T11:22:51","guid":{"rendered":"https:\/\/www.parcastronomicprades.cat\/?post_type=product&#038;p=11111"},"modified":"2021-03-13T12:36:05","modified_gmt":"2021-03-13T11:36:05","slug":"3-de-abril-13-00h-vermut-solar","status":"publish","type":"product","link":"https:\/\/dev.parcastronomicprades.cat\/es\/experiencias\/3-de-abril-13-00h-vermut-solar\/","title":{"rendered":"3 de abril &#8211; 13.00h: Vermut Solar"},"content":{"rendered":"<ul>\n<li>Punto de encuentro: Centro de Visitantes del Parque Astron\u00f3mico Monta\u00f1as de Prades (C\/ Muralla, 5, 43364 Prades, Tarragona). M\u00e1ximo 15 &#8216;antes del inicio de la sesi\u00f3n.<\/li>\n<li>Por respeto al resto de asistentes, pasada la hora de inicio de la actividad no se podr\u00e1 acceder a la sesi\u00f3n.<\/li>\n<li>No est\u00e1 permitida la entrada de animales en el Centro de Visitantes del *PAP.<\/li>\n<li>No est\u00e1 permitida la entrada de comer ni bebida en el Centro de Visitantes del *PAP.<\/li>\n<li>La organizaci\u00f3n se reserva el derecho de suspender la observaci\u00f3n en caso de condiciones meteorol\u00f3gicas adversas. En este caso, nuestros gu\u00edas les ofrecer\u00e1n una entrada gratuita por la parte de observaci\u00f3n con telescopios disponible durante los siguientes 6 meses.<\/li>\n<li>Actividad accesible para personas con movilidad reducida.<\/li>\n<li>Los ni\u00f1os\/se menores de 6 a\u00f1os tienen entrada libre (presentando DNI, pasaporte o libro de familia) siempre que vayan acompa\u00f1ados de un adulto. A la sesi\u00f3n de planetario no dispondr\u00e1n de asiento propio.<\/li>\n<li>Duraci\u00f3n de la experiencia: 2h<\/li>\n<\/ul>\n<p><strong>La reserva online se puede hacer hasta 2h antes del inicio de la actividad. Pasado este plazo, se puede comprar la entrada a taquilla, seg\u00fan disponibilidad.<\/strong><\/p>\n","protected":false},"excerpt":{"rendered":"<p style=\"font-weight: 400;\"><strong>Ven descubrir el fant\u00e1stico cielo de Prades de la mano de nuestros gu\u00edas astron\u00f3micos acreditados por la Fundaci\u00f3n Starlight. <\/strong><strong>Planetario, vermut con aperitivo salado KM0 y observaci\u00f3n del Sol con telescopios especializados.<\/strong><\/p>\n<p style=\"font-weight: 400;\">En qu\u00e9 consiste la experiencia?<\/p>\n<p style=\"font-weight: 400;\">&#8211; Sesi\u00f3n en el <b>P<\/b><strong>lanetario 360\u00ba Full Dome<\/strong> con las m\u00e1s espectaculares producciones y simulaciones del universo comentadas en directo por nuestros <strong>Gu\u00edas astron\u00f3micos acreditados por la Fundaci\u00f3n Starlight.<\/strong> Una experiencia inmersiva que no te puedes perder.<\/p>\n<p style=\"font-weight: 400;\">&#8211; Repaso de las \u00faltimas <b>noticias cient\u00edficas<\/b> relacionadas con el universo. Y recorrido virtual por los fant\u00e1sticos cielos nocturnos del Parque Astron\u00f3mico Monta\u00f1as de Prades.<\/p>\n<p style=\"font-weight: 400;\">&#8211; Observaci\u00f3n del Sol con <strong>telescopios automatizados<\/strong> <strong>comentada<\/strong> por nuestros <strong>gu\u00edas experimentados.<\/strong><\/p>\n<p style=\"font-weight: 400;\">&#8211; <b>Degustaci\u00f3n de vermut<\/b>de la tierra casado con <b>aperitivo salado KM0<\/b>.<\/p>\n<p style=\"font-weight: 400;\">Adem\u00e1s, en esta sesi\u00f3n te ofrecemos:<\/p>\n<p style=\"font-weight: 400;\">Un viaje por el Sistema Solar en una inmersiva sesi\u00f3n en el Planetario 360\u00ba Full Dome. Nos acercaremos a los planetas, sus sat\u00e9lites y los rincones m\u00e1s misteriosos de nuestro Sistema Solar. \u00bfQuieres ver el Sol y sus caracter\u00edsticas protuberancias? Lo podr\u00e1s ver a trav\u00e9s de nuestros telescopios automatizados. Te acompa\u00f1amos en este viaje que realizaremos con nuestros gu\u00edas astron\u00f3micos.<\/p>\n","protected":false},"author":5,"featured_media":9921,"comment_status":"open","ping_status":"closed","template":"","meta":{"_et_pb_use_builder":"off","_et_pb_old_content":"<strong>M\u00e1s INFORMACI\u00d3N:<\/strong>\n<ul>\n \t<li>xxx<\/li>\n \t<li style=\"list-style-type: none\">\n<ul>\n \t<li style=\"list-style-type: none\">\n<\/li><\/ul>\n<\/li>\n<\/ul>","_et_gb_content_width":""},"product_cat":[63,68],"product_tag":[],"_links":{"self":[{"href":"https:\/\/dev.parcastronomicprades.cat\/es\/wp-json\/wp\/v2\/product\/11111"}],"collection":[{"href":"https:\/\/dev.parcastronomicprades.cat\/es\/wp-json\/wp\/v2\/product"}],"about":[{"href":"https:\/\/dev.parcastronomicprades.cat\/es\/wp-json\/wp\/v2\/types\/product"}],"author":[{"embeddable":true,"href":"https:\/\/dev.parcastronomicprades.cat\/es\/wp-json\/wp\/v2\/users\/5"}],"replies":[{"embeddable":true,"href":"https:\/\/dev.parcastronomicprades.cat\/es\/wp-json\/wp\/v2\/comments?post=11111"}],"wp:featuredmedia":[{"embeddable":true,"href":"https:\/\/dev.parcastronomicprades.cat\/es\/wp-json\/wp\/v2\/media\/9921"}],"wp:attachment":[{"href":"https:\/\/dev.parcastronomicprades.cat\/es\/wp-json\/wp\/v2\/media?parent=11111"}],"wp:term":[{"taxonomy":"product_cat","embeddable":true,"href":"https:\/\/dev.parcastronomicprades.cat\/es\/wp-json\/wp\/v2\/product_cat?post=11111"},{"taxonomy":"product_tag","embeddable":true,"href":"https:\/\/dev.parcastronomicprades.cat\/es\/wp-json\/wp\/v2\/product_tag?post=11111"}],"curies":[{"name":"wp","href":"https:\/\/api.w.org\/{rel}","templated":true}]}}