{"id":4428,"date":"2020-06-10T17:03:20","date_gmt":"2020-06-10T15:03:20","guid":{"rendered":"https:\/\/www.parcastronomicprades.cat\/vermut-solar-360o\/"},"modified":"2020-10-14T17:07:36","modified_gmt":"2020-10-14T15:07:36","slug":"vermut-solar-360o","status":"publish","type":"page","link":"https:\/\/dev.parcastronomicprades.cat\/es\/vermut-solar-360o\/","title":{"rendered":"Vermut solar 360\u00ba"},"content":{"rendered":"<p>[et_pb_section fb_built=&#8221;1&#8243; disabled_on=&#8221;off|on|on&#8221; _builder_version=&#8221;4.5.1&#8243; background_image=&#8221;https:\/\/www.parcastronomicprades.cat\/wp-content\/uploads\/2020\/07\/vermut.jpg&#8221; custom_padding=&#8221;||116px|||&#8221;][\/et_pb_section][et_pb_section fb_built=&#8221;1&#8243; custom_padding_last_edited=&#8221;on|tablet&#8221; next_background_color=&#8221;#ffffff&#8221; admin_label=&#8221;Header&#8221; _builder_version=&#8221;4.5.1&#8243; background_image=&#8221;https:\/\/www.parcastronomicprades.cat\/wp-content\/uploads\/2020\/07\/vermut.jpg&#8221; parallax=&#8221;on&#8221; parallax_method=&#8221;off&#8221; custom_margin=&#8221;|||&#8221; custom_margin_tablet=&#8221;&#8221; custom_margin_phone=&#8221;&#8221; custom_margin_last_edited=&#8221;on|phone&#8221; custom_padding=&#8221;27vw|0px|0|0px|false|false&#8221; custom_padding_tablet=&#8221;&#8221; custom_padding_phone=&#8221;0vw|0px|0|0px|false|false&#8221; bottom_divider_style=&#8221;curve&#8221; bottom_divider_height=&#8221;124px&#8221; bottom_divider_repeat=&#8221;0x&#8221; bottom_divider_arrangement=&#8221;above_content&#8221; bottom_divider_style_tablet=&#8221;&#8221; bottom_divider_style_phone=&#8221;none&#8221; bottom_divider_style_last_edited=&#8221;on|phone&#8221; background_last_edited=&#8221;on|phone&#8221; background_enable_image_phone=&#8221;off&#8221; parallax_phone=&#8221;on&#8221;][et_pb_row column_structure=&#8221;3_4,1_4&#8243; custom_padding_last_edited=&#8221;on|phone&#8221; padding_top_bottom_link_1=&#8221;false&#8221; padding_left_right_link_1=&#8221;true&#8221; _builder_version=&#8221;4.4.7&#8243; background_size=&#8221;initial&#8221; background_position=&#8221;top_left&#8221; background_repeat=&#8221;repeat&#8221; max_width=&#8221;1160px&#8221; custom_margin=&#8221;|auto|-1px|auto||false&#8221; custom_margin_tablet=&#8221;&#8221; custom_margin_phone=&#8221;&#8221; custom_margin_last_edited=&#8221;on|phone&#8221; custom_padding=&#8221;27px|0px|177px|0px|false|false&#8221; custom_padding_tablet=&#8221;&#8221; custom_padding_phone=&#8221;0px|0px|0px|0px|false|false&#8221; animation_style=&#8221;fade&#8221; animation_duration=&#8221;2000ms&#8221; animation_delay=&#8221;100ms&#8221; animation_duration_tablet=&#8221;&#8221; animation_duration_phone=&#8221;200ms&#8221; animation_duration_last_edited=&#8221;on|phone&#8221; animation_delay_tablet=&#8221;&#8221; animation_delay_phone=&#8221;0ms&#8221; animation_delay_last_edited=&#8221;on|phone&#8221; use_custom_width=&#8221;on&#8221; custom_width_px=&#8221;1160px&#8221;][et_pb_column type=&#8221;3_4&#8243; _builder_version=&#8221;4.4.7&#8243; background_color=&#8221;rgba(255,255,255,0.96)&#8221; custom_padding=&#8221;40px|40px|0px|40px|false|false&#8221; animation_style=&#8221;fade&#8221; animation_duration=&#8221;2000ms&#8221; animation_delay=&#8221;1000ms&#8221; border_radii=&#8221;on|10px|10px|10px|10px&#8221; custom_padding__hover=&#8221;|||&#8221;][et_pb_text _builder_version=&#8221;4.4.7&#8243; text_font=&#8221;||||||||&#8221; ul_font=&#8221;||||||||&#8221; ol_font=&#8221;||||||||&#8221; header_font=&#8221;|700|||||||&#8221; header_font_size=&#8221;48px&#8221; header_line_height=&#8221;1.5em&#8221; header_2_font=&#8221;||||||||&#8221; header_3_font=&#8221;|700||on|||||&#8221; header_3_text_color=&#8221;#e02b20&#8243; header_3_font_size=&#8221;14px&#8221; header_3_letter_spacing=&#8221;2px&#8221; header_3_line_height=&#8221;2em&#8221; header_4_font=&#8221;||||||||&#8221; header_5_font=&#8221;||||||||&#8221; header_6_font=&#8221;||||||||&#8221; custom_margin=&#8221;|0px||0px|false|false&#8221; custom_margin_tablet=&#8221;&#8221; custom_margin_phone=&#8221;|-40px||-40px|false|false&#8221; custom_margin_last_edited=&#8221;on|phone&#8221; header_font_size_tablet=&#8221;38px&#8221; header_font_size_phone=&#8221;28px&#8221; header_font_size_last_edited=&#8221;on|phone&#8221; locked=&#8221;off&#8221;]<\/p>\n<h3>descubre el fant\u00e1stico cielo de prades<\/h3>\n<h1>Vermut Solar 360\u00ba<\/h1>\n<p>[\/et_pb_text][et_pb_divider color=&#8221;#e02b20&#8243; divider_weight=&#8221;4px&#8221; _builder_version=&#8221;4.4.7&#8243; max_width=&#8221;140px&#8221; height=&#8221;4px&#8221; locked=&#8221;off&#8221;][\/et_pb_divider][et_pb_text _builder_version=&#8221;4.5.1&#8243; text_font=&#8221;||||||||&#8221; text_font_size=&#8221;15px&#8221; text_line_height=&#8221;2em&#8221; custom_margin=&#8221;|0px||0px|false|false&#8221; custom_margin_tablet=&#8221;&#8221; custom_margin_phone=&#8221;|-40px||-40px|false|false&#8221; custom_margin_last_edited=&#8221;on|phone&#8221; custom_padding=&#8221;||0px|||&#8221; custom_padding_tablet=&#8221;&#8221; custom_padding_phone=&#8221;||0px||false|false&#8221; custom_padding_last_edited=&#8221;on|desktop&#8221; text_font_size_tablet=&#8221;&#8221; text_font_size_phone=&#8221;14px&#8221; text_font_size_last_edited=&#8221;on|phone&#8221; locked=&#8221;off&#8221;]<\/p>\n<p style=\"text-align: justify\">\n            <strong>Ven descubrir el fant\u00e1stico cielo de Prades de la mano de nuestros gu\u00edas astron\u00f3micos acreditados por la Fundaci\u00f3n Starlight. <\/strong>\n          <\/p>\n<p style=\"text-align: justify\">\n            <strong>Planetario, vermut con aperitivo salado KM0 y observaci\u00f3n del Sol con telescopios especializados.<\/strong>\n          <\/p>\n<p style=\"text-align: justify\">En qu\u00e9 consiste la experiencia?<\/p>\n<p style=\"text-align: justify\">\n            <strong> <\/strong><br \/>\n            <strong>En el Centro de Visitantes del Parque Astron\u00f3mico Monta\u00f1as de Prades:<\/strong>\n          <\/p>\n<p style=\"text-align: justify\"><span style=\"font-size: 15px;text-align: left\">1. Sesi\u00f3n en el<\/span> <strong style=\"font-size: 15px;text-align: left\">Planetario 360\u00ba Full Dome<\/strong> <span style=\"font-size: 15px;text-align: left\">con las m\u00e1s espectaculares producciones y simulaciones del universo comentadas en directo por nuestros<\/span> <strong style=\"font-size: 15px;text-align: left\">Gu\u00edas Starlight<\/strong><span style=\"font-size: 15px;text-align: left\">. Una experiencia inmersiva que no te puedes perder.<\/span><\/p>\n<p style=\"text-align: justify\"><span style=\"font-size: 15px;text-align: left\">2. Repaso audiovisual de las \u00faltimas<\/span> <strong style=\"font-size: 15px;text-align: left\">noticias cient\u00edficas<\/strong> <span style=\"font-size: 15px;text-align: left\">relacionadas con el universo y recorrido virtual por los fant\u00e1sticos cielos nocturnos del Parque Astron\u00f3mico Monta\u00f1as de Prades.<\/span><\/p>\n<p style=\"text-align: justify\">3. Explicaci\u00f3n de los detalles m\u00e1s apasionantes de nuestra estrella, el Sol<\/p>\n<p style=\"text-align: justify\">4. Observaci\u00f3n del Sol, con sus espectaculares protuberancias y manchas solares, con <strong>telescopios solares automatizados<\/strong> <strong>comentada<\/strong> por nuestros <strong>gu\u00edas experimentados.<\/strong><\/p>\n<p style=\"text-align: justify\"><strong>5. Degustaci\u00f3n de vermut del Baix Camp<\/strong> casado con <strong>aperitivo salado KM0.<\/strong><\/p>\n<p style=\"text-align: justify\">\n            <strong><\/strong>\n          <\/p>\n<p>[\/et_pb_text][et_pb_text _builder_version=&#8221;4.5.1&#8243; _module_preset=&#8221;default&#8221; text_font=&#8221;|700|||||||&#8221; text_font_size=&#8221;19px&#8221; locked=&#8221;off&#8221;]<\/p>\n<p>Adquiere tu entrada:<\/p>\n<p>[\/et_pb_text][et_pb_image src=&#8221;https:\/\/www.parcastronomicprades.cat\/wp-content\/uploads\/2020\/07\/calendari_EXP.png&#8221; title_text=&#8221;calendari_EXP&#8221; url=&#8221;https:\/\/www.parcastronomicprades.cat\/experiencies\/&#8221; align=&#8221;center&#8221; align_tablet=&#8221;&#8221; align_phone=&#8221;&#8221; align_last_edited=&#8221;on|desktop&#8221; _builder_version=&#8221;4.6.5&#8243; _module_preset=&#8221;default&#8221; width=&#8221;36%&#8221; width_tablet=&#8221;&#8221; width_phone=&#8221;&#8221; width_last_edited=&#8221;on|phone&#8221; module_alignment=&#8221;center&#8221; min_height_tablet=&#8221;&#8221; min_height_phone=&#8221;&#8221; min_height_last_edited=&#8221;on|desktop&#8221; height_tablet=&#8221;&#8221; height_phone=&#8221;&#8221; height_last_edited=&#8221;on|desktop&#8221; max_height_tablet=&#8221;222px&#8221; max_height_phone=&#8221;201px&#8221; max_height_last_edited=&#8221;on|desktop&#8221; custom_margin=&#8221;||7px|||&#8221; custom_margin_tablet=&#8221;&#8221; custom_margin_phone=&#8221;||25px||false|false&#8221; custom_margin_last_edited=&#8221;on|desktop&#8221; module_alignment_tablet=&#8221;center&#8221; module_alignment_phone=&#8221;center&#8221; module_alignment_last_edited=&#8221;on|phone&#8221; global_module=&#8221;8465&#8243;][\/et_pb_image][et_pb_text _builder_version=&#8221;4.6.5&#8243; _module_preset=&#8221;default&#8221; text_font=&#8221;||||||||&#8221; text_font_size=&#8221;15px&#8221; text_line_height=&#8221;1.2em&#8221; custom_margin=&#8221;||17px|||&#8221; custom_margin_tablet=&#8221;&#8221; custom_margin_phone=&#8221;-15px||||false|false&#8221; custom_margin_last_edited=&#8221;on|tablet&#8221; custom_padding_tablet=&#8221;&#8221; custom_padding_phone=&#8221;0px||||false|false&#8221; custom_padding_last_edited=&#8221;on|phone&#8221; link_option_url=&#8221;https:\/\/www.parcastronomicprades.cat\/experiencies\/&#8221; text_orientation_tablet=&#8221;center&#8221; text_orientation_phone=&#8221;center&#8221; text_orientation_last_edited=&#8221;on|tablet&#8221; global_module=&#8221;8466&#8243;]<\/p>\n<p style=\"text-align: center\">Consulta totes les experi\u00e8ncies previstes per a les properes setmanes<br \/>\nal Parc Astron\u00f2mic Muntanyes de Prades.<\/p>\n<p style=\"text-align: center\"><strong>Vine i gaudeix de l&#8217;espectacular cel de Prades!<\/strong><\/p>\n<p>[\/et_pb_text][et_pb_button button_url=&#8221;https:\/\/www.parcastronomicprades.cat\/experiencies\/&#8221; button_text=&#8221;Ir al calendario&#8221; button_alignment=&#8221;center&#8221; button_alignment_tablet=&#8221;center&#8221; button_alignment_phone=&#8221;center&#8221; button_alignment_last_edited=&#8221;on|tablet&#8221; _builder_version=&#8221;4.6.5&#8243; _module_preset=&#8221;default&#8221; custom_button=&#8221;on&#8221; button_text_size=&#8221;20px&#8221; button_bg_color=&#8221;#ffffff&#8221; button_border_color=&#8221;#de2525&#8243; button_icon=&#8221;%%128%%&#8221; button_border_color__hover_enabled=&#8221;on|desktop&#8221; button_border_color__hover=&#8221;#000000&#8243; global_module=&#8221;8467&#8243;][\/et_pb_button][et_pb_text _builder_version=&#8221;4.5.1&#8243; text_font=&#8221;||||||||&#8221; text_font_size=&#8221;15px&#8221; text_line_height=&#8221;2em&#8221; custom_margin=&#8221;|0px||0px|false|false&#8221; custom_margin_tablet=&#8221;&#8221; custom_margin_phone=&#8221;|-40px||-40px|false|false&#8221; custom_margin_last_edited=&#8221;on|phone&#8221; custom_padding=&#8221;||50px|||&#8221; custom_padding_tablet=&#8221;&#8221; custom_padding_phone=&#8221;||0px||false|false&#8221; custom_padding_last_edited=&#8221;on|desktop&#8221; text_font_size_tablet=&#8221;&#8221; text_font_size_phone=&#8221;14px&#8221; text_font_size_last_edited=&#8221;on|phone&#8221; locked=&#8221;off&#8221;]<\/p>\n<p style=\"text-align: justify\">\n            <strong style=\"font-size: 15px\">M\u00e1s INFORMACI\u00d3N:<\/strong>\n          <\/p>\n<ul>\n<li style=\"text-align: justify\">\n              <span style=\"font-size: 15px;text-align: left\">Punto de encuentro: Centro de Visitantes del Parque Astron\u00f3mico Monta\u00f1as de Prades (C\/ Muralla, 5, 43364 Prades, Tarragona). M\u00e1ximo 15 &#8216;antes del inicio de la sesi\u00f3n.<\/span>\n            <\/li>\n<li style=\"text-align: justify\">Por respeto al resto de asistentes, pasada la hora de inicio de la actividad no se podr\u00e1 acceder a la sesi\u00f3n.<\/li>\n<li style=\"text-align: justify\">La observaci\u00f3n con telescopios se realiza en la Plaza de los \u00c1rboles, dentro del mismo recinto donde se encuentra el Centro de Visitantes del PAP.<\/li>\n<li style=\"text-align: justify\">Se aconseja llevar ropa de abrigo sea cual sea la \u00e9poca del a\u00f1o. Prades es una poblaci\u00f3n con clima de monta\u00f1a.<\/li>\n<li style=\"text-align: justify\">No est\u00e1 permitida la entrada de animales en el Centro de Visitantes del *PAP.<\/li>\n<li style=\"text-align: justify\">No est\u00e1 permitida la entrada de comer ni bebida en el Centro de Visitantes del *PAP.<\/li>\n<li style=\"text-align: justify\">La organizaci\u00f3n se reserva el derecho de suspender la observaci\u00f3n con telescopios en caso de condiciones meteorol\u00f3gicas adversas. En este caso, nuestros gu\u00edas les ofrecer\u00e1n una entrada gratuita para la parte de observaci\u00f3n solar con telescopios disponible durante los siguientes 6 meses.<\/li>\n<li style=\"text-align: justify\">Actividad accesible para personas con movilidad reducida.<\/li>\n<li style=\"text-align: justify\">Los ni\u00f1os\/se menores de 6 a\u00f1os tienen entrada libre (presentando DNI, pasaporte o libro de familia) siempre que vayan acompa\u00f1ados de un adulto. A la sesi\u00f3n de planetario no dispondr\u00e1n de asiento propio.<\/li>\n<li style=\"text-align: justify\">Duraci\u00f3n de la experiencia: 2h.<\/li>\n<\/ul>\n<p>\n            <strong>La reserva online se puede hacer hasta 2h antes del inicio de la actividad. Pasado este plazo, se puede comprar la entrada a taquilla, seg\u00fan disponibilidad.<\/strong>\n          <\/p>\n<p>[\/et_pb_text][\/et_pb_column][et_pb_column type=&#8221;1_4&#8243; _builder_version=&#8221;4.4.7&#8243; background_enable_color=&#8221;off&#8221; custom_padding=&#8221;40px|40px|0px|40px|false|false&#8221; animation_style=&#8221;fade&#8221; animation_duration=&#8221;2000ms&#8221; animation_delay=&#8221;1000ms&#8221; border_radii=&#8221;on|10px|10px|10px|10px&#8221; custom_padding__hover=&#8221;|||&#8221;][\/et_pb_column][\/et_pb_row][\/et_pb_section][et_pb_section fb_built=&#8221;1&#8243; custom_padding_last_edited=&#8221;on|desktop&#8221; _builder_version=&#8221;4.4.7&#8243; background_enable_image=&#8221;off&#8221; parallax=&#8221;on&#8221; custom_margin=&#8221;||39px|||&#8221; custom_padding=&#8221;||0px|||&#8221; custom_padding_tablet=&#8221;&#8221; custom_padding_phone=&#8221;0px||||false|false&#8221; global_module=&#8221;2468&#8243; saved_tabs=&#8221;all&#8221;][et_pb_row make_equal=&#8221;on&#8221; _builder_version=&#8221;4.5.1&#8243; width=&#8221;90%&#8221; max_width=&#8221;2560px&#8221; max_width_tablet=&#8221;&#8221; max_width_phone=&#8221;&#8221; max_width_last_edited=&#8221;on|desktop&#8221; custom_padding=&#8221;||7px|||&#8221; gutter_width__hover_enabled=&#8221;off|desktop&#8221;][et_pb_column type=&#8221;4_4&#8243; _builder_version=&#8221;4.4.7&#8243;][et_pb_text _builder_version=&#8221;4.5.1&#8243; text_font=&#8221;|700|||||||&#8221; text_font_size=&#8221;30px&#8221; header_font=&#8221;||||||||&#8221; text_orientation=&#8221;center&#8221; custom_margin=&#8221;|0px||0px|false|false&#8221; custom_margin_tablet=&#8221;&#8221; custom_margin_phone=&#8221;|-40px||-40px|false|false&#8221; custom_margin_last_edited=&#8221;on|phone&#8221;]<\/p>\n<p> EXPERIENCIAS<\/p>\n<p>[\/et_pb_text][et_pb_divider color=&#8221;#e02b20&#8243; divider_weight=&#8221;4px&#8221; _builder_version=&#8221;4.5.1&#8243; max_width=&#8221;140px&#8221; module_alignment=&#8221;center&#8221; height=&#8221;4px&#8221; locked=&#8221;off&#8221;][\/et_pb_divider][\/et_pb_column][\/et_pb_row][et_pb_row column_structure=&#8221;1_4,1_4,1_4,1_4&#8243; _builder_version=&#8221;4.5.1&#8243; _module_preset=&#8221;default&#8221; max_width=&#8221;1376px&#8221;][et_pb_column type=&#8221;1_4&#8243; _builder_version=&#8221;4.5.1&#8243; _module_preset=&#8221;default&#8221;][et_pb_blurb title=&#8221;Experiencia astron\u00f3mica nocturna 360\u00ba&#8221; image=&#8221;https:\/\/www.parcastronomicprades.cat\/wp-content\/uploads\/2020\/07\/49252454113_ccba962beb_c.jpg&#8221; _builder_version=&#8221;4.5.1&#8243; _dynamic_attributes=&#8221;link_option_url&#8221; _module_preset=&#8221;default&#8221; header_font=&#8221;|600|||||||&#8221; header_text_align=&#8221;center&#8221; header_text_color=&#8221;#de2525&#8243; header_font_size=&#8221;20px&#8221; link_option_url=&#8221;@ET-DC@eyJkeW5hbWljIjp0cnVlLCJjb250ZW50IjoicG9zdF9saW5rX3VybF9wYWdlIiwic2V0dGluZ3MiOnsicG9zdF9pZCI6IjQ0In19@&#8221; border_radii_image=&#8221;on|10px|10px|10px|10px&#8221; border_width_all_image=&#8221;2px&#8221; border_color_all_image=&#8221;#de2525&#8243;][\/et_pb_blurb][\/et_pb_column][et_pb_column type=&#8221;1_4&#8243; _builder_version=&#8221;4.5.1&#8243; _module_preset=&#8221;default&#8221;][et_pb_blurb title=&#8221;G-Astronom\u00eda&#8221; image=&#8221;https:\/\/www.parcastronomicprades.cat\/wp-content\/uploads\/2020\/09\/WhatsApp-Image-2020-09-27-at-11.13.00-AM-2.jpeg&#8221; _builder_version=&#8221;4.5.7&#8243; _dynamic_attributes=&#8221;link_option_url&#8221; _module_preset=&#8221;default&#8221; header_font=&#8221;|600|||||||&#8221; header_text_align=&#8221;center&#8221; header_text_color=&#8221;#de2525&#8243; header_font_size=&#8221;20px&#8221; link_option_url=&#8221;@ET-DC@eyJkeW5hbWljIjp0cnVlLCJjb250ZW50IjoicG9zdF9saW5rX3VybF9wYWdlIiwic2V0dGluZ3MiOnsicG9zdF9pZCI6IjQ4In19@&#8221; border_radii_image=&#8221;on|10px|10px|10px|10px&#8221; border_width_all_image=&#8221;2px&#8221; border_color_all_image=&#8221;#de2525&#8243;][\/et_pb_blurb][\/et_pb_column][et_pb_column type=&#8221;1_4&#8243; _builder_version=&#8221;4.5.1&#8243; _module_preset=&#8221;default&#8221;][et_pb_blurb title=&#8221;Vermut solar 360\u00ba&#8221; image=&#8221;https:\/\/www.parcastronomicprades.cat\/wp-content\/uploads\/2020\/07\/vermutsolar-1.jpeg&#8221; _builder_version=&#8221;4.5.1&#8243; _dynamic_attributes=&#8221;link_option_url&#8221; _module_preset=&#8221;default&#8221; header_font=&#8221;|600|||||||&#8221; header_text_align=&#8221;center&#8221; header_text_color=&#8221;#de2525&#8243; header_font_size=&#8221;20px&#8221; link_option_url=&#8221;@ET-DC@eyJkeW5hbWljIjp0cnVlLCJjb250ZW50IjoicG9zdF9saW5rX3VybF9wYWdlIiwic2V0dGluZ3MiOnsicG9zdF9pZCI6IjQ2In19@&#8221; border_radii_image=&#8221;on|10px|10px|10px|10px&#8221; border_width_all_image=&#8221;2px&#8221; border_color_all_image=&#8221;#de2525&#8243;][\/et_pb_blurb][\/et_pb_column][et_pb_column type=&#8221;1_4&#8243; _builder_version=&#8221;4.5.1&#8243; _module_preset=&#8221;default&#8221;][et_pb_blurb title=&#8221;Vinos, estrellas y ermitas&#8221; image=&#8221;https:\/\/www.parcastronomicprades.cat\/wp-content\/uploads\/2020\/07\/Redu-abellera-modificada.jpg&#8221; _builder_version=&#8221;4.5.1&#8243; _dynamic_attributes=&#8221;link_option_url&#8221; _module_preset=&#8221;default&#8221; header_font=&#8221;|600|||||||&#8221; header_text_align=&#8221;center&#8221; header_text_color=&#8221;#de2525&#8243; header_font_size=&#8221;20px&#8221; link_option_url=&#8221;@ET-DC@eyJkeW5hbWljIjp0cnVlLCJjb250ZW50IjoicG9zdF9saW5rX3VybF9wYWdlIiwic2V0dGluZ3MiOnsicG9zdF9pZCI6IjUwIn19@&#8221; border_radii_image=&#8221;on|10px|10px|10px|10px&#8221; border_width_all_image=&#8221;2px&#8221; border_color_all_image=&#8221;#de2525&#8243;][\/et_pb_blurb][\/et_pb_column][\/et_pb_row][\/et_pb_section]<\/p>\n","protected":false},"excerpt":{"rendered":"<p>[et_pb_section fb_built=&#8221;1&#8243; disabled_on=&#8221;off|on|on&#8221; _builder_version=&#8221;4.5.1&#8243; background_image=&#8221;https:\/\/www.parcastronomicprades.cat\/wp-content\/uploads\/2020\/07\/vermut.jpg&#8221; custom_padding=&#8221;||116px|||&#8221;][\/et_pb_section][et_pb_section fb_built=&#8221;1&#8243; custom_padding_last_edited=&#8221;on|tablet&#8221; next_background_color=&#8221;#ffffff&#8221; admin_label=&#8221;Header&#8221; _builder_version=&#8221;4.5.1&#8243; background_image=&#8221;https:\/\/www.parcastronomicprades.cat\/wp-content\/uploads\/2020\/07\/vermut.jpg&#8221; parallax=&#8221;on&#8221; parallax_method=&#8221;off&#8221; custom_margin=&#8221;|||&#8221; custom_margin_tablet=&#8221;&#8221; custom_margin_phone=&#8221;&#8221; custom_margin_last_edited=&#8221;on|phone&#8221; custom_padding=&#8221;27vw|0px|0|0px|false|false&#8221; custom_padding_tablet=&#8221;&#8221; custom_padding_phone=&#8221;0vw|0px|0|0px|false|false&#8221; bottom_divider_style=&#8221;curve&#8221; bottom_divider_height=&#8221;124px&#8221; bottom_divider_repeat=&#8221;0x&#8221; bottom_divider_arrangement=&#8221;above_content&#8221; bottom_divider_style_tablet=&#8221;&#8221; bottom_divider_style_phone=&#8221;none&#8221; bottom_divider_style_last_edited=&#8221;on|phone&#8221; background_last_edited=&#8221;on|phone&#8221; background_enable_image_phone=&#8221;off&#8221; parallax_phone=&#8221;on&#8221;][et_pb_row column_structure=&#8221;3_4,1_4&#8243; custom_padding_last_edited=&#8221;on|phone&#8221; padding_top_bottom_link_1=&#8221;false&#8221; padding_left_right_link_1=&#8221;true&#8221; _builder_version=&#8221;4.4.7&#8243; background_size=&#8221;initial&#8221; background_position=&#8221;top_left&#8221; background_repeat=&#8221;repeat&#8221; max_width=&#8221;1160px&#8221; custom_margin=&#8221;|auto|-1px|auto||false&#8221; custom_margin_tablet=&#8221;&#8221; custom_margin_phone=&#8221;&#8221; custom_margin_last_edited=&#8221;on|phone&#8221; custom_padding=&#8221;27px|0px|177px|0px|false|false&#8221; custom_padding_tablet=&#8221;&#8221; custom_padding_phone=&#8221;0px|0px|0px|0px|false|false&#8221; animation_style=&#8221;fade&#8221; animation_duration=&#8221;2000ms&#8221; animation_delay=&#8221;100ms&#8221; animation_duration_tablet=&#8221;&#8221; animation_duration_phone=&#8221;200ms&#8221; animation_duration_last_edited=&#8221;on|phone&#8221; animation_delay_tablet=&#8221;&#8221; animation_delay_phone=&#8221;0ms&#8221; [&hellip;]<\/p>\n","protected":false},"author":1,"featured_media":0,"parent":0,"menu_order":0,"comment_status":"closed","ping_status":"closed","template":"","meta":{"_et_pb_use_builder":"on","_et_pb_old_content":"","_et_gb_content_width":""},"_links":{"self":[{"href":"https:\/\/dev.parcastronomicprades.cat\/es\/wp-json\/wp\/v2\/pages\/4428"}],"collection":[{"href":"https:\/\/dev.parcastronomicprades.cat\/es\/wp-json\/wp\/v2\/pages"}],"about":[{"href":"https:\/\/dev.parcastronomicprades.cat\/es\/wp-json\/wp\/v2\/types\/page"}],"author":[{"embeddable":true,"href":"https:\/\/dev.parcastronomicprades.cat\/es\/wp-json\/wp\/v2\/users\/1"}],"replies":[{"embeddable":true,"href":"https:\/\/dev.parcastronomicprades.cat\/es\/wp-json\/wp\/v2\/comments?post=4428"}],"version-history":[{"count":13,"href":"https:\/\/dev.parcastronomicprades.cat\/es\/wp-json\/wp\/v2\/pages\/4428\/revisions"}],"predecessor-version":[{"id":8508,"href":"https:\/\/dev.parcastronomicprades.cat\/es\/wp-json\/wp\/v2\/pages\/4428\/revisions\/8508"}],"wp:attachment":[{"href":"https:\/\/dev.parcastronomicprades.cat\/es\/wp-json\/wp\/v2\/media?parent=4428"}],"curies":[{"name":"wp","href":"https:\/\/api.w.org\/{rel}","templated":true}]}}