{"id":4347,"date":"2020-08-12T13:58:43","date_gmt":"2020-08-12T11:58:43","guid":{"rendered":"https:\/\/www.parcastronomicprades.cat\/servicios\/"},"modified":"2020-08-12T13:58:48","modified_gmt":"2020-08-12T11:58:48","slug":"servicios","status":"publish","type":"page","link":"https:\/\/dev.parcastronomicprades.cat\/es\/servicios\/","title":{"rendered":"Servicios"},"content":{"rendered":"<p>[et_pb_section fb_built=&#8221;1&#8243; disabled_on=&#8221;off|on|on&#8221; _builder_version=&#8221;4.4.7&#8243; background_image=&#8221;https:\/\/www.parcastronomicprades.cat\/wp-content\/uploads\/2020\/07\/Pla-de-la-Gu\u00e0rdia_360-scaled.jpg&#8221; custom_padding=&#8221;||116px|||&#8221;][\/et_pb_section][et_pb_section fb_built=&#8221;1&#8243; custom_padding_last_edited=&#8221;on|tablet&#8221; next_background_color=&#8221;#ffffff&#8221; admin_label=&#8221;Header&#8221; _builder_version=&#8221;4.4.7&#8243; background_image=&#8221;https:\/\/www.parcastronomicprades.cat\/wp-content\/uploads\/2020\/07\/Pla-de-la-Gu\u00e0rdia_360-scaled.jpg&#8221; parallax=&#8221;on&#8221; parallax_method=&#8221;off&#8221; custom_margin=&#8221;|||&#8221; custom_margin_tablet=&#8221;&#8221; custom_margin_phone=&#8221;&#8221; custom_margin_last_edited=&#8221;on|phone&#8221; custom_padding=&#8221;27vw|0px|0|0px|false|false&#8221; custom_padding_tablet=&#8221;&#8221; custom_padding_phone=&#8221;0vw|0px|0|0px|false|false&#8221; bottom_divider_style=&#8221;curve&#8221; bottom_divider_height=&#8221;124px&#8221; bottom_divider_repeat=&#8221;0x&#8221; bottom_divider_arrangement=&#8221;above_content&#8221; bottom_divider_style_tablet=&#8221;&#8221; bottom_divider_style_phone=&#8221;none&#8221; bottom_divider_style_last_edited=&#8221;on|phone&#8221; background_last_edited=&#8221;on|phone&#8221; background_enable_image_phone=&#8221;off&#8221; parallax_phone=&#8221;on&#8221;][et_pb_row custom_padding_last_edited=&#8221;on|phone&#8221; padding_top_bottom_link_1=&#8221;false&#8221; padding_left_right_link_1=&#8221;true&#8221; _builder_version=&#8221;4.4.7&#8243; background_size=&#8221;initial&#8221; background_position=&#8221;top_left&#8221; background_repeat=&#8221;repeat&#8221; max_width=&#8221;1160px&#8221; custom_margin=&#8221;|auto|-1px|auto||false&#8221; custom_margin_tablet=&#8221;&#8221; custom_margin_phone=&#8221;&#8221; custom_margin_last_edited=&#8221;on|phone&#8221; custom_padding=&#8221;27px|0px|0px|0px|false|false&#8221; custom_padding_tablet=&#8221;&#8221; custom_padding_phone=&#8221;0px|0px|0px|0px|false|false&#8221; animation_style=&#8221;fade&#8221; animation_duration=&#8221;2000ms&#8221; animation_delay=&#8221;100ms&#8221; animation_duration_tablet=&#8221;&#8221; animation_duration_phone=&#8221;200ms&#8221; animation_duration_last_edited=&#8221;on|phone&#8221; animation_delay_tablet=&#8221;&#8221; animation_delay_phone=&#8221;0ms&#8221; animation_delay_last_edited=&#8221;on|phone&#8221; use_custom_width=&#8221;on&#8221; custom_width_px=&#8221;1160px&#8221;][et_pb_column type=&#8221;4_4&#8243; _builder_version=&#8221;4.4.7&#8243; background_color=&#8221;rgba(255,255,255,0.96)&#8221; custom_padding=&#8221;40px|40px|0px|40px|false|false&#8221; animation_style=&#8221;fade&#8221; animation_duration=&#8221;2000ms&#8221; animation_delay=&#8221;1000ms&#8221; border_radii=&#8221;on|10px|10px|10px|10px&#8221; custom_padding__hover=&#8221;|||&#8221;][et_pb_text _builder_version=&#8221;4.4.7&#8243; text_font=&#8221;||||||||&#8221; ul_font=&#8221;||||||||&#8221; ol_font=&#8221;||||||||&#8221; header_font=&#8221;|700|||||||&#8221; header_font_size=&#8221;48px&#8221; header_line_height=&#8221;1.5em&#8221; header_2_font=&#8221;||||||||&#8221; header_3_font=&#8221;|700||on|||||&#8221; header_3_text_color=&#8221;#e02b20&#8243; header_3_font_size=&#8221;14px&#8221; header_3_letter_spacing=&#8221;2px&#8221; header_3_line_height=&#8221;2em&#8221; header_4_font=&#8221;||||||||&#8221; header_5_font=&#8221;||||||||&#8221; header_6_font=&#8221;||||||||&#8221; custom_margin=&#8221;|0px||0px|false|false&#8221; custom_margin_tablet=&#8221;&#8221; custom_margin_phone=&#8221;|-40px||-40px|false|false&#8221; custom_margin_last_edited=&#8221;on|phone&#8221; header_font_size_tablet=&#8221;38px&#8221; header_font_size_phone=&#8221;28px&#8221; header_font_size_last_edited=&#8221;on|phone&#8221; locked=&#8221;off&#8221;]<\/p>\n<h3>servicios para empresas, grupos y particulares<\/h3>\n<h1>Servicios<\/h1>\n<p>[\/et_pb_text][et_pb_divider color=&#8221;#e02b20&#8243; divider_weight=&#8221;4px&#8221; _builder_version=&#8221;4.4.7&#8243; max_width=&#8221;140px&#8221; height=&#8221;4px&#8221; locked=&#8221;off&#8221;][\/et_pb_divider][et_pb_text _builder_version=&#8221;4.4.7&#8243; text_font=&#8221;||||||||&#8221; text_font_size=&#8221;15px&#8221; text_line_height=&#8221;2em&#8221; custom_margin=&#8221;|0px||0px|false|false&#8221; custom_margin_tablet=&#8221;&#8221; custom_margin_phone=&#8221;|-40px||-40px|false|false&#8221; custom_margin_last_edited=&#8221;on|phone&#8221; custom_padding=&#8221;||50px|||&#8221; custom_padding_tablet=&#8221;&#8221; custom_padding_phone=&#8221;||0px||false|false&#8221; custom_padding_last_edited=&#8221;on|desktop&#8221; hover_enabled=&#8221;0&#8243; text_font_size_tablet=&#8221;&#8221; text_font_size_phone=&#8221;14px&#8221; text_font_size_last_edited=&#8221;on|phone&#8221; locked=&#8221;off&#8221;]<\/p>\n<p style=\"text-align: justify;\">El equipo de profesionales del Parque Astron\u00f3mico de las Monta\u00f1as de Prades tiene una amplia experiencia en diferentes \u00e1mbitos, desde la consultor\u00eda para empresas de ecoturismo, comunicaci\u00f3n, gesti\u00f3n empresarial, hasta la astrofotograf\u00eda, entre otras. Ofrecemos diferentes servicios para empresas, grupos y particulares.<\/p>\n<p>[\/et_pb_text][\/et_pb_column][\/et_pb_row][et_pb_row column_structure=&#8221;1_3,1_3,1_3&#8243; make_equal=&#8221;on&#8221; custom_padding_last_edited=&#8221;on|phone&#8221; padding_top_bottom_link_1=&#8221;false&#8221; padding_left_right_link_1=&#8221;true&#8221; _builder_version=&#8221;4.4.7&#8243; background_size=&#8221;initial&#8221; background_position=&#8221;top_left&#8221; background_repeat=&#8221;repeat&#8221; max_width=&#8221;1160px&#8221; custom_margin=&#8221;|auto|-1px|auto||false&#8221; custom_margin_tablet=&#8221;&#8221; custom_margin_phone=&#8221;28px|auto|51px|auto||false&#8221; custom_margin_last_edited=&#8221;on|phone&#8221; custom_padding=&#8221;27px|0px|177px|0px|false|false&#8221; custom_padding_tablet=&#8221;&#8221; custom_padding_phone=&#8221;0px|0px|0px|0px|false|false&#8221; animation_style=&#8221;fade&#8221; animation_duration=&#8221;2000ms&#8221; animation_delay=&#8221;100ms&#8221; hover_enabled=&#8221;0&#8243; animation_duration_tablet=&#8221;&#8221; animation_duration_phone=&#8221;200ms&#8221; animation_duration_last_edited=&#8221;on|phone&#8221; animation_delay_tablet=&#8221;&#8221; animation_delay_phone=&#8221;0ms&#8221; animation_delay_last_edited=&#8221;on|phone&#8221; use_custom_width=&#8221;on&#8221; custom_width_px=&#8221;1160px&#8221; locked=&#8221;off&#8221;][et_pb_column type=&#8221;1_3&#8243; _builder_version=&#8221;4.4.7&#8243; _dynamic_attributes=&#8221;link_option_url&#8221; background_color=&#8221;rgba(255,255,255,0.96)&#8221; custom_padding=&#8221;40px|40px|0px|40px|false|false&#8221; animation_style=&#8221;fade&#8221; animation_duration=&#8221;2000ms&#8221; animation_delay=&#8221;1000ms&#8221; link_option_url=&#8221;@ET-DC@eyJkeW5hbWljIjp0cnVlLCJjb250ZW50IjoicG9zdF9saW5rX3VybF9wYWdlIiwic2V0dGluZ3MiOnsicG9zdF9pZCI6IjU4In19@&#8221; hover_enabled=&#8221;0&#8243; background_color_phone=&#8221;rgba(224,43,32,0.08)&#8221; background_last_edited=&#8221;on|phone&#8221; background_enable_color_phone=&#8221;on&#8221; border_radii=&#8221;on|10px|10px|10px|10px&#8221; border_color_all=&#8221;#e02b20&#8243; border_radii_tablet=&#8221;&#8221; border_radii_phone=&#8221;&#8221; border_radii_last_edited=&#8221;on|desktop&#8221; border_width_all_tablet=&#8221;&#8221; border_width_all_phone=&#8221;2px&#8221; border_width_all_last_edited=&#8221;on|phone&#8221; border_color_all_tablet=&#8221;&#8221; border_color_all_phone=&#8221;&#8221; border_color_all_last_edited=&#8221;on|desktop&#8221; box_shadow_style=&#8221;preset1&#8243; custom_padding__hover=&#8221;|||&#8221;][et_pb_image src=&#8221;https:\/\/www.parcastronomicprades.cat\/wp-content\/uploads\/2020\/07\/empresesigrups-scaled.jpg&#8221; title_text=&#8221;empresesigrups&#8221; _builder_version=&#8221;4.4.7&#8243; hover_enabled=&#8221;0&#8243; border_radii=&#8221;on|6px|6px|6px|6px&#8221;][\/et_pb_image][et_pb_divider color=&#8221;#e02b20&#8243; divider_weight=&#8221;4px&#8221; _builder_version=&#8221;4.4.7&#8243; max_width=&#8221;140px&#8221; module_alignment=&#8221;center&#8221; height=&#8221;4px&#8221; locked=&#8221;off&#8221;][\/et_pb_divider][et_pb_text _builder_version=&#8221;4.4.7&#8243; text_font=&#8221;||||||||&#8221; ul_font=&#8221;||||||||&#8221; ol_font=&#8221;||||||||&#8221; header_font=&#8221;Playfair Display|700|||||||&#8221; header_font_size=&#8221;48px&#8221; header_line_height=&#8221;1.5em&#8221; header_2_font=&#8221;||||||||&#8221; header_2_text_align=&#8221;left&#8221; header_2_font_size=&#8221;25px&#8221; header_3_font=&#8221;Rubik|500||on|||||&#8221; header_3_text_color=&#8221;#e02b20&#8243; header_3_font_size=&#8221;14px&#8221; header_3_letter_spacing=&#8221;2px&#8221; header_3_line_height=&#8221;2em&#8221; header_4_font=&#8221;||||||||&#8221; header_5_font=&#8221;||||||||&#8221; header_6_font=&#8221;||||||||&#8221; custom_margin=&#8221;|0px||0px|false|false&#8221; custom_margin_tablet=&#8221;&#8221; custom_margin_phone=&#8221;|-40px||-40px|false|false&#8221; custom_margin_last_edited=&#8221;on|phone&#8221; custom_padding=&#8221;||20px|||&#8221; header_font_size_tablet=&#8221;38px&#8221; header_font_size_phone=&#8221;28px&#8221; header_font_size_last_edited=&#8221;on|phone&#8221; locked=&#8221;off&#8221;]<\/p>\n<h2 style=\"text-align: center;\"><strong>Empresas y grupos<\/strong><\/h2>\n<p>[\/et_pb_text][\/et_pb_column][et_pb_column type=&#8221;1_3&#8243; _builder_version=&#8221;4.4.7&#8243; _dynamic_attributes=&#8221;link_option_url&#8221; background_color=&#8221;rgba(255,255,255,0.96)&#8221; custom_padding=&#8221;40px|40px|0px|40px|false|false&#8221; animation_style=&#8221;fade&#8221; animation_duration=&#8221;2000ms&#8221; animation_delay=&#8221;1000ms&#8221; link_option_url=&#8221;@ET-DC@eyJkeW5hbWljIjp0cnVlLCJjb250ZW50IjoicG9zdF9saW5rX3VybF9wYWdlIiwic2V0dGluZ3MiOnsicG9zdF9pZCI6IjYwIn19@&#8221; background_color_phone=&#8221;rgba(224,43,32,0.08)&#8221; background_last_edited=&#8221;on|phone&#8221; border_radii=&#8221;on|10px|10px|10px|10px&#8221; border_color_all=&#8221;#e02b20&#8243; border_radii_tablet=&#8221;&#8221; border_radii_phone=&#8221;&#8221; border_radii_last_edited=&#8221;on|desktop&#8221; border_width_all_tablet=&#8221;&#8221; border_width_all_phone=&#8221;2px&#8221; border_width_all_last_edited=&#8221;on|phone&#8221; border_color_all_tablet=&#8221;&#8221; border_color_all_phone=&#8221;&#8221; border_color_all_last_edited=&#8221;on|desktop&#8221; box_shadow_style=&#8221;preset1&#8243; custom_padding__hover=&#8221;|||&#8221;][et_pb_image src=&#8221;https:\/\/www.parcastronomicprades.cat\/wp-content\/uploads\/2020\/07\/Cursos-scaled.jpg&#8221; title_text=&#8221;Cursos&#8221; _builder_version=&#8221;4.4.7&#8243; border_radii=&#8221;on|6px|6px|6px|6px&#8221;][\/et_pb_image][et_pb_divider color=&#8221;#e02b20&#8243; divider_weight=&#8221;4px&#8221; _builder_version=&#8221;4.4.7&#8243; max_width=&#8221;140px&#8221; module_alignment=&#8221;center&#8221; height=&#8221;4px&#8221; locked=&#8221;off&#8221;][\/et_pb_divider][et_pb_text _builder_version=&#8221;4.4.7&#8243; text_font=&#8221;||||||||&#8221; ul_font=&#8221;||||||||&#8221; ol_font=&#8221;||||||||&#8221; header_font=&#8221;Playfair Display|700|||||||&#8221; header_font_size=&#8221;48px&#8221; header_line_height=&#8221;1.5em&#8221; header_2_font=&#8221;||||||||&#8221; header_2_text_align=&#8221;left&#8221; header_2_font_size=&#8221;25px&#8221; header_3_font=&#8221;Rubik|500||on|||||&#8221; header_3_text_color=&#8221;#e02b20&#8243; header_3_font_size=&#8221;14px&#8221; header_3_letter_spacing=&#8221;2px&#8221; header_3_line_height=&#8221;2em&#8221; header_4_font=&#8221;||||||||&#8221; header_5_font=&#8221;||||||||&#8221; header_6_font=&#8221;||||||||&#8221; custom_margin=&#8221;|0px||0px|false|false&#8221; custom_margin_tablet=&#8221;&#8221; custom_margin_phone=&#8221;|-40px||-40px|false|false&#8221; custom_margin_last_edited=&#8221;on|phone&#8221; custom_padding=&#8221;||20px|||&#8221; header_font_size_tablet=&#8221;38px&#8221; header_font_size_phone=&#8221;28px&#8221; header_font_size_last_edited=&#8221;on|phone&#8221; locked=&#8221;off&#8221;]<\/p>\n<h2 style=\"text-align: center;\"><strong>Cursos de astrofotograf\u00eda<\/strong><\/h2>\n<p>[\/et_pb_text][\/et_pb_column][et_pb_column type=&#8221;1_3&#8243; _builder_version=&#8221;4.4.7&#8243; _dynamic_attributes=&#8221;link_option_url&#8221; background_color=&#8221;rgba(255,255,255,0.96)&#8221; custom_padding=&#8221;40px|40px|0px|40px|false|false&#8221; animation_style=&#8221;fade&#8221; animation_duration=&#8221;2000ms&#8221; animation_delay=&#8221;1000ms&#8221; link_option_url=&#8221;@ET-DC@eyJkeW5hbWljIjp0cnVlLCJjb250ZW50IjoicG9zdF9saW5rX3VybF9wYWdlIiwic2V0dGluZ3MiOnsicG9zdF9pZCI6IjYyIn19@&#8221; background_color_phone=&#8221;rgba(224,43,32,0.08)&#8221; background_last_edited=&#8221;on|phone&#8221; border_radii=&#8221;on|10px|10px|10px|10px&#8221; border_color_all=&#8221;#e02b20&#8243; border_radii_tablet=&#8221;&#8221; border_radii_phone=&#8221;&#8221; border_radii_last_edited=&#8221;on|desktop&#8221; border_width_all_tablet=&#8221;&#8221; border_width_all_phone=&#8221;2px&#8221; border_width_all_last_edited=&#8221;on|phone&#8221; border_color_all_tablet=&#8221;&#8221; border_color_all_phone=&#8221;&#8221; border_color_all_last_edited=&#8221;on|desktop&#8221; box_shadow_style=&#8221;preset1&#8243; custom_padding__hover=&#8221;|||&#8221;][et_pb_image src=&#8221;https:\/\/www.parcastronomicprades.cat\/wp-content\/uploads\/2020\/07\/consultoria-scaled.jpg&#8221; title_text=&#8221;consultoria&#8221; _builder_version=&#8221;4.4.7&#8243; border_radii=&#8221;on|6px|6px|6px|6px&#8221;][\/et_pb_image][et_pb_divider color=&#8221;#e02b20&#8243; divider_weight=&#8221;4px&#8221; _builder_version=&#8221;4.4.7&#8243; max_width=&#8221;140px&#8221; module_alignment=&#8221;center&#8221; height=&#8221;4px&#8221; locked=&#8221;off&#8221;][\/et_pb_divider][et_pb_text _builder_version=&#8221;4.4.7&#8243; text_font=&#8221;||||||||&#8221; ul_font=&#8221;||||||||&#8221; ol_font=&#8221;||||||||&#8221; header_font=&#8221;Playfair Display|700|||||||&#8221; header_font_size=&#8221;48px&#8221; header_line_height=&#8221;1.5em&#8221; header_2_font=&#8221;||||||||&#8221; header_2_text_align=&#8221;left&#8221; header_2_font_size=&#8221;25px&#8221; header_3_font=&#8221;Rubik|500||on|||||&#8221; header_3_text_color=&#8221;#e02b20&#8243; header_3_font_size=&#8221;14px&#8221; header_3_letter_spacing=&#8221;2px&#8221; header_3_line_height=&#8221;2em&#8221; header_4_font=&#8221;||||||||&#8221; header_5_font=&#8221;||||||||&#8221; header_6_font=&#8221;||||||||&#8221; custom_margin=&#8221;|0px||0px|false|false&#8221; custom_margin_tablet=&#8221;&#8221; custom_margin_phone=&#8221;|-40px||-40px|false|false&#8221; custom_margin_last_edited=&#8221;on|phone&#8221; custom_padding=&#8221;||20px|||&#8221; header_font_size_tablet=&#8221;38px&#8221; header_font_size_phone=&#8221;28px&#8221; header_font_size_last_edited=&#8221;on|phone&#8221; locked=&#8221;off&#8221;]<\/p>\n<h2 style=\"text-align: center;\"><strong>Consultor\u00eda<\/strong><\/h2>\n<p>[\/et_pb_text][\/et_pb_column][\/et_pb_row][\/et_pb_section][et_pb_section fb_built=&#8221;1&#8243; custom_padding_last_edited=&#8221;on|desktop&#8221; _builder_version=&#8221;4.4.7&#8243; background_enable_image=&#8221;off&#8221; parallax=&#8221;on&#8221; custom_padding=&#8221;||0px|||&#8221; custom_padding_tablet=&#8221;&#8221; custom_padding_phone=&#8221;0px||||false|false&#8221; global_module=&#8221;532&#8243;][et_pb_row _builder_version=&#8221;4.4.7&#8243; custom_padding=&#8221;||7px|||&#8221;][et_pb_column type=&#8221;4_4&#8243; _builder_version=&#8221;4.4.7&#8243;][et_pb_text _builder_version=&#8221;4.4.7&#8243; text_font=&#8221;|700|||||||&#8221; text_font_size=&#8221;30px&#8221; header_font=&#8221;||||||||&#8221; text_orientation=&#8221;center&#8221; custom_margin=&#8221;|0px||0px|false|false&#8221; custom_margin_tablet=&#8221;&#8221; custom_margin_phone=&#8221;|-40px||-40px|false|false&#8221; custom_margin_last_edited=&#8221;on|phone&#8221;]<\/p>\n<p>PR\u00d3XIMAS EXPERIENCIAS<\/p>\n<p>[\/et_pb_text][et_pb_divider color=&#8221;#e02b20&#8243; divider_weight=&#8221;4px&#8221; _builder_version=&#8221;4.4.7&#8243; max_width=&#8221;140px&#8221; module_alignment=&#8221;center&#8221; height=&#8221;4px&#8221; locked=&#8221;off&#8221;][\/et_pb_divider][et_pb_shop type=&#8221;product_category&#8221; include_categories=&#8221;21&#8243; columns_number=&#8221;4&#8243; hover_overlay_color=&#8221;rgba(0,0,0,0.43)&#8221; hover_icon=&#8221;%%51%%&#8221; _builder_version=&#8221;4.4.7&#8243; title_font=&#8221;|700|||||||&#8221; title_text_align=&#8221;center&#8221; title_text_color=&#8221;#e02b20&#8243; title_font_size=&#8221;21px&#8221; price_text_align=&#8221;center&#8221; price_font_size=&#8221;16px&#8221; background_enable_color=&#8221;off&#8221; custom_padding=&#8221;||0px|||&#8221; animation_style=&#8221;slide&#8221; animation_duration=&#8221;1500ms&#8221; border_radii_image=&#8221;on|10px|10px|10px|10px&#8221; border_width_all_image=&#8221;2px&#8221; border_color_all_image=&#8221;#e02b20&#8243; border_style_all_image=&#8221;inset&#8221; box_shadow_style_image=&#8221;preset1&#8243;][\/et_pb_shop][\/et_pb_column][\/et_pb_row][\/et_pb_section]<\/p>\n","protected":false},"excerpt":{"rendered":"<p>[et_pb_section fb_built=&#8221;1&#8243; disabled_on=&#8221;off|on|on&#8221; _builder_version=&#8221;4.4.7&#8243; background_image=&#8221;https:\/\/www.parcastronomicprades.cat\/wp-content\/uploads\/2020\/07\/Pla-de-la-Gu\u00e0rdia_360-scaled.jpg&#8221; custom_padding=&#8221;||116px|||&#8221;][\/et_pb_section][et_pb_section fb_built=&#8221;1&#8243; custom_padding_last_edited=&#8221;on|tablet&#8221; next_background_color=&#8221;#ffffff&#8221; admin_label=&#8221;Header&#8221; _builder_version=&#8221;4.4.7&#8243; background_image=&#8221;https:\/\/www.parcastronomicprades.cat\/wp-content\/uploads\/2020\/07\/Pla-de-la-Gu\u00e0rdia_360-scaled.jpg&#8221; parallax=&#8221;on&#8221; parallax_method=&#8221;off&#8221; custom_margin=&#8221;|||&#8221; custom_margin_tablet=&#8221;&#8221; custom_margin_phone=&#8221;&#8221; custom_margin_last_edited=&#8221;on|phone&#8221; custom_padding=&#8221;27vw|0px|0|0px|false|false&#8221; custom_padding_tablet=&#8221;&#8221; custom_padding_phone=&#8221;0vw|0px|0|0px|false|false&#8221; bottom_divider_style=&#8221;curve&#8221; bottom_divider_height=&#8221;124px&#8221; bottom_divider_repeat=&#8221;0x&#8221; bottom_divider_arrangement=&#8221;above_content&#8221; bottom_divider_style_tablet=&#8221;&#8221; bottom_divider_style_phone=&#8221;none&#8221; bottom_divider_style_last_edited=&#8221;on|phone&#8221; background_last_edited=&#8221;on|phone&#8221; background_enable_image_phone=&#8221;off&#8221; parallax_phone=&#8221;on&#8221;][et_pb_row custom_padding_last_edited=&#8221;on|phone&#8221; padding_top_bottom_link_1=&#8221;false&#8221; padding_left_right_link_1=&#8221;true&#8221; _builder_version=&#8221;4.4.7&#8243; background_size=&#8221;initial&#8221; background_position=&#8221;top_left&#8221; background_repeat=&#8221;repeat&#8221; max_width=&#8221;1160px&#8221; custom_margin=&#8221;|auto|-1px|auto||false&#8221; custom_margin_tablet=&#8221;&#8221; custom_margin_phone=&#8221;&#8221; custom_margin_last_edited=&#8221;on|phone&#8221; custom_padding=&#8221;27px|0px|0px|0px|false|false&#8221; custom_padding_tablet=&#8221;&#8221; custom_padding_phone=&#8221;0px|0px|0px|0px|false|false&#8221; animation_style=&#8221;fade&#8221; animation_duration=&#8221;2000ms&#8221; animation_delay=&#8221;100ms&#8221; animation_duration_tablet=&#8221;&#8221; animation_duration_phone=&#8221;200ms&#8221; animation_duration_last_edited=&#8221;on|phone&#8221; animation_delay_tablet=&#8221;&#8221; animation_delay_phone=&#8221;0ms&#8221; animation_delay_last_edited=&#8221;on|phone&#8221; [&hellip;]<\/p>\n","protected":false},"author":1,"featured_media":0,"parent":0,"menu_order":0,"comment_status":"closed","ping_status":"closed","template":"","meta":{"_et_pb_use_builder":"on","_et_pb_old_content":"","_et_gb_content_width":""},"_links":{"self":[{"href":"https:\/\/dev.parcastronomicprades.cat\/es\/wp-json\/wp\/v2\/pages\/4347"}],"collection":[{"href":"https:\/\/dev.parcastronomicprades.cat\/es\/wp-json\/wp\/v2\/pages"}],"about":[{"href":"https:\/\/dev.parcastronomicprades.cat\/es\/wp-json\/wp\/v2\/types\/page"}],"author":[{"embeddable":true,"href":"https:\/\/dev.parcastronomicprades.cat\/es\/wp-json\/wp\/v2\/users\/1"}],"replies":[{"embeddable":true,"href":"https:\/\/dev.parcastronomicprades.cat\/es\/wp-json\/wp\/v2\/comments?post=4347"}],"version-history":[{"count":2,"href":"https:\/\/dev.parcastronomicprades.cat\/es\/wp-json\/wp\/v2\/pages\/4347\/revisions"}],"predecessor-version":[{"id":4349,"href":"https:\/\/dev.parcastronomicprades.cat\/es\/wp-json\/wp\/v2\/pages\/4347\/revisions\/4349"}],"wp:attachment":[{"href":"https:\/\/dev.parcastronomicprades.cat\/es\/wp-json\/wp\/v2\/media?parent=4347"}],"curies":[{"name":"wp","href":"https:\/\/api.w.org\/{rel}","templated":true}]}}