{"id":4174,"date":"2020-08-12T11:36:03","date_gmt":"2020-08-12T09:36:03","guid":{"rendered":"https:\/\/www.parcastronomicprades.cat\/condiciones-de-compra\/"},"modified":"2020-08-12T11:36:04","modified_gmt":"2020-08-12T09:36:04","slug":"condiciones-de-compra","status":"publish","type":"page","link":"https:\/\/dev.parcastronomicprades.cat\/es\/condiciones-de-compra\/","title":{"rendered":"Condiciones de compra"},"content":{"rendered":"<p>[et_pb_section fb_built=&#8221;1&#8243; admin_label=&#8221;section&#8221; _builder_version=&#8221;3.22&#8243;][et_pb_row admin_label=&#8221;row&#8221; _builder_version=&#8221;3.25&#8243; background_size=&#8221;initial&#8221; background_position=&#8221;top_left&#8221; background_repeat=&#8221;repeat&#8221;][et_pb_column type=&#8221;4_4&#8243; _builder_version=&#8221;3.25&#8243; custom_padding=&#8221;|||&#8221; custom_padding__hover=&#8221;|||&#8221;][et_pb_text admin_label=&#8221;Text&#8221; _builder_version=&#8221;4.5.1&#8243; background_size=&#8221;initial&#8221; background_position=&#8221;top_left&#8221; background_repeat=&#8221;repeat&#8221;]<\/p>\n<h1 style=\"text-align: justify\"><strong>CONDICIONES DE COMPRA<\/strong><\/h1>\n<p style=\"text-align: justify\">\n<p style=\"text-align: justify\">El Parque Astron\u00f3mico Monta\u00f1as de Prades pone a su disposici\u00f3n un servicio de comercio online que permite a los usuarios adquirir en l\u00ednea las diferentes experiencias astron\u00f3micas que se ofrecen.<\/p>\n<p style=\"text-align: justify\">La venta de las experiencias presentadas en esta web por el Parque Astron\u00f3mico Monta\u00f1as de Prades la ostenta: MIZAR EXPERIENCE SL, provista de NIF: B60639978 y est\u00e1 regulada por las siguientes condiciones.<\/p>\n<p style=\"text-align: justify\">Al hacer un pedido, usted acepta estas condiciones generales de venta. EL PARQUE ASTRON\u00d3MICO MONTA\u00d1AS DE PRADES se reserva el derecho de adaptar o modificar las presentes condiciones generales. En caso de modificaci\u00f3n, ser\u00e1n aplicables a cada pedido las condiciones generales de venta vigentes en la fecha de realizaci\u00f3n del pedido.<\/p>\n<p style=\"text-align: justify\">El usuario declara tener la capacidad jur\u00eddica suficiente para concluir el presente contrato y quedar sujeto, por tanto, a las presentes condiciones generales de venta.<\/p>\n<p style=\"text-align: justify\">Para cualquier duda, consulta o sugerencia, puede contactar por correo electr\u00f3nico con <a href=\"mailto:info@parcastron%C3%B2micprades.cat\">info@parcastron\u00f2micprades.cat<\/a> o por correo ordinario a Parque Astron\u00f3mico Monta\u00f1as de Prades, C \/ Muralla, 5, 43364 Prades. Tarragona o por tel\u00e9fono llamando al +34 663 075 962<\/p>\n<p style=\"text-align: justify\"><strong><\/strong><\/p>\n<p style=\"text-align: justify\"><strong>C\u00f3mo comprar?<\/strong><\/p>\n<p style=\"text-align: justify\">En nuestra tienda online <a href=\"http:\/\/www.parcastronomicprades.cat\">www.parcastronomicprades.cat<\/a> podr\u00e1 comprar las experiencias en cualquier momento desde un dispositivo con acceso a internet.<\/p>\n<p style=\"text-align: justify\">Proceso de compra:<\/p>\n<ol style=\"text-align: justify\">\n<li>Seleccione la experiencia y el tipo de entradas as\u00ed como las unidades de cada una. A\u00f1adir a la cesta. Realice esta operaci\u00f3n con las experiencias que desea adquirir y se ir\u00e1n a\u00f1adiendo en su carrito de la compra.<\/li>\n<li>Para realizar una compra en nuestra tienda online, es necesario que los usuarios se registren o inicien sesi\u00f3n en una cuenta existente. Los datos ser\u00e1n incorporados a nuestra base de datos, con el objeto de procesar el pedido y facilitar la realizaci\u00f3n de nuevas compras en la tienda en l\u00ednea del Parque Astron\u00f3mico Monta\u00f1as de Prades.<\/li>\n<li>Una vez que haya elegido su compra y le haya identificado como cliente, le mostraremos el detalle del pedido y un resumen de los datos de cliente.<\/li>\n<li>Elija la forma de pago. Puede pagar con tarjeta de cr\u00e9dito o d\u00e9bito. Deber\u00e1 introducir los datos solicitados en pantalla y confirmar la compra. El pedido ser\u00e1 tramitada una vez hayamos recibido el pago. El pedido ser\u00e1 tramitada una vez hayamos recibido el pago.<\/li>\n<li>Confirmada la transacci\u00f3n, recibir\u00e1 las entradas de la experiencia al correo indicado. Tambi\u00e9n las podr\u00e1 descargar desde el \u00e1rea de clientes. En el caso de experiencias regalo hay que contactar con el Parque Astron\u00f3mico Monta\u00f1as de Prades para concretar d\u00eda y hora para llevar a cabo la experiencia. El estado del pedido es completada en caso de pago con tarjeta, o pendiente de pago en caso de transferencia bancaria.<\/li>\n<\/ol>\n<p style=\"text-align: justify\">Los precios de todas las experiencias que presentamos en esta p\u00e1gina web se muestran en euros y tienen el IVA incluido.<\/p>\n<p style=\"text-align: justify\"><strong><\/strong><\/p>\n<p style=\"text-align: justify\"><strong>\u00bfCu\u00e1les son las formas de pago?<\/strong><\/p>\n<ul style=\"text-align: justify\">\n<li>Con tarjeta.<\/li>\n<li>Bizum<\/li>\n<li>Per transfer\u00e8ncia banc\u00e0ria.<\/li>\n<\/ul>\n<p style=\"text-align: justify\"><strong><\/strong><\/p>\n<p style=\"text-align: justify\"><strong>\u00bfCu\u00e1les son las responsabilidades de El Parque Astron\u00f3mico Monta\u00f1as de Prades?<\/strong><\/p>\n<p style=\"text-align: justify\">El Parque Astron\u00f3mico Monta\u00f1as de Prades velar\u00e1 por el adecuado funcionamiento del servicio. Sin embargo, nos reservamos el derecho a interrumpir el acceso a nuestro sitio web o la prestaci\u00f3n de nuestros servicios en cualquier momento, ya sea por motivos t\u00e9cnicos, de seguridad, de control, de mantenimiento o por errores en el suministro el\u00e9ctrico, o cualquier otra causa justificada.<\/p>\n<p style=\"text-align: justify\">EL PARQUE ASTRON\u00d3MICO MONTA\u00d1AS DE PRADES no garantiza la disponibilidad y continuidad del funcionamiento del presente sitio web, por lo que su utilizaci\u00f3n se lleva a cabo por cuenta y riesgo del usuario, sin que en ning\u00fan momento puedan exigirse responsabilidades en este sentido. EL PARQUE ASTRON\u00d3MICO MONTA\u00d1AS DE PRADES no ser\u00e1 responsable en caso de existir interrupciones, retrasos, errores, mal funcionamiento u otros inconvenientes que tengan su origen en causas que escapan del control de El Parque Astron\u00f3mico Monta\u00f1as de Prades. Sin perjuicio de lo establecido en el art\u00edculo 1105 del C\u00f3digo Civil, se considerar\u00e1n de fuerza mayor todos aquellos acontecimientos acaecidos fuera del control de El Parque Astron\u00f3mico Monta\u00f1as de Prades, tales como errores de compa\u00f1\u00edas de terceros, actos u omisiones de las autoridades p\u00fablicas, falta de acceso a redes de terceros, apagones u otros fen\u00f3menos naturales o ataques de terceros especializados en seguridad o integridad de los sistemas inform\u00e1ticos, siempre que El Parque Astron\u00f3mico Monta\u00f1as de Prades haya implantado las medidas de seguridad razonables de acuerdo con el estado de la t\u00e9cnica.<\/p>\n<p style=\"text-align: justify\"><strong><\/strong><\/p>\n<p style=\"text-align: justify\"><strong>Jjurisdicci\u00f3n<\/strong><\/p>\n<p style=\"text-align: justify\">Las presentes condiciones de compra est\u00e1n sometidas a la Legislaci\u00f3n Espa\u00f1ola. Por tanto, las operaciones de venta se entender\u00e1n realizadas en el domicilio del Parque Astron\u00f3mico Monta\u00f1as de Prades. En caso de litigio entre las partes del presente contrato, la jurisdicci\u00f3n competente ser\u00e1 la que corresponda en cada caso.<\/p>\n<p style=\"text-align: justify\"><strong><\/strong><\/p>\n<p style=\"text-align: justify\"><strong>Condiciones de compra y devoluciones<\/strong><\/p>\n<p style=\"text-align: justify\">El importe de la experiencia no ser\u00e1 devuelto, y una vez finalizada la compra no se podr\u00e1n cambiar ni el tipo de experiencia, ni el d\u00eda o la hora acordados. Si las condiciones meteorol\u00f3gicas no permiten realizar la parte de observaci\u00f3n de la experiencia contratada, ofrecemos una entrada gratis para la parte de observaci\u00f3n, que se podr\u00e1 utilizar en los siguientes seis meses, pactando la nueva fecha de realizaci\u00f3n de la actividad con los responsables del Parque Astron\u00f3mico Monta\u00f1as de Prades.<\/p>\n<p style=\"text-align: justify\">Si necesita alg\u00fan requerimiento especial, puede ponerse en contacto con nosotros a trav\u00e9s del correo electr\u00f3nico a <u><a href=\"mailto:info@parcastronomicprades.cat\">info@parcastronomicprades.cat<\/a><\/u>, indicando el n\u00famero de pedido de la experiencia que ha contratado.<\/p>\n<p>[\/et_pb_text][\/et_pb_column][\/et_pb_row][\/et_pb_section]<\/p>\n","protected":false},"excerpt":{"rendered":"<p>[et_pb_section fb_built=&#8221;1&#8243; admin_label=&#8221;section&#8221; _builder_version=&#8221;3.22&#8243;][et_pb_row admin_label=&#8221;row&#8221; _builder_version=&#8221;3.25&#8243; background_size=&#8221;initial&#8221; background_position=&#8221;top_left&#8221; background_repeat=&#8221;repeat&#8221;][et_pb_column type=&#8221;4_4&#8243; _builder_version=&#8221;3.25&#8243; custom_padding=&#8221;|||&#8221; custom_padding__hover=&#8221;|||&#8221;][et_pb_text admin_label=&#8221;Text&#8221; _builder_version=&#8221;4.5.1&#8243; background_size=&#8221;initial&#8221; background_position=&#8221;top_left&#8221; background_repeat=&#8221;repeat&#8221;] CONDICIONES DE COMPRA El Parque Astron\u00f3mico Monta\u00f1as de Prades pone a su disposici\u00f3n un servicio de comercio online que permite a los usuarios adquirir en l\u00ednea las diferentes experiencias astron\u00f3micas que se ofrecen. La venta de las [&hellip;]<\/p>\n","protected":false},"author":1,"featured_media":0,"parent":0,"menu_order":0,"comment_status":"closed","ping_status":"closed","template":"","meta":{"_et_pb_use_builder":"on","_et_pb_old_content":"","_et_gb_content_width":""},"_links":{"self":[{"href":"https:\/\/dev.parcastronomicprades.cat\/es\/wp-json\/wp\/v2\/pages\/4174"}],"collection":[{"href":"https:\/\/dev.parcastronomicprades.cat\/es\/wp-json\/wp\/v2\/pages"}],"about":[{"href":"https:\/\/dev.parcastronomicprades.cat\/es\/wp-json\/wp\/v2\/types\/page"}],"author":[{"embeddable":true,"href":"https:\/\/dev.parcastronomicprades.cat\/es\/wp-json\/wp\/v2\/users\/1"}],"replies":[{"embeddable":true,"href":"https:\/\/dev.parcastronomicprades.cat\/es\/wp-json\/wp\/v2\/comments?post=4174"}],"version-history":[{"count":3,"href":"https:\/\/dev.parcastronomicprades.cat\/es\/wp-json\/wp\/v2\/pages\/4174\/revisions"}],"predecessor-version":[{"id":4177,"href":"https:\/\/dev.parcastronomicprades.cat\/es\/wp-json\/wp\/v2\/pages\/4174\/revisions\/4177"}],"wp:attachment":[{"href":"https:\/\/dev.parcastronomicprades.cat\/es\/wp-json\/wp\/v2\/media?parent=4174"}],"curies":[{"name":"wp","href":"https:\/\/api.w.org\/{rel}","templated":true}]}}