{"id":4163,"date":"2020-06-10T17:04:05","date_gmt":"2020-06-10T15:04:05","guid":{"rendered":"https:\/\/www.parcastronomicprades.cat\/centros-educativos\/"},"modified":"2021-01-13T23:27:45","modified_gmt":"2021-01-13T21:27:45","slug":"centros-educativos","status":"publish","type":"page","link":"https:\/\/dev.parcastronomicprades.cat\/es\/centros-educativos\/","title":{"rendered":"Centros educativos"},"content":{"rendered":"<p>[et_pb_section fb_built=&#8221;1&#8243; disabled_on=&#8221;off|on|on&#8221; _builder_version=&#8221;4.4.7&#8243; background_image=&#8221;https:\/\/www.parcastronomicprades.cat\/wp-content\/uploads\/2020\/06\/centres-educatius-PAP-scaled.jpg&#8221; custom_padding=&#8221;||116px|||&#8221;][\/et_pb_section][et_pb_section fb_built=&#8221;1&#8243; custom_padding_last_edited=&#8221;on|tablet&#8221; next_background_color=&#8221;#ffffff&#8221; admin_label=&#8221;Header&#8221; _builder_version=&#8221;4.4.7&#8243; background_image=&#8221;https:\/\/www.parcastronomicprades.cat\/wp-content\/uploads\/2020\/06\/centres-educatius-PAP-scaled.jpg&#8221; parallax=&#8221;on&#8221; parallax_method=&#8221;off&#8221; custom_margin=&#8221;|||&#8221; custom_margin_tablet=&#8221;&#8221; custom_margin_phone=&#8221;&#8221; custom_margin_last_edited=&#8221;on|phone&#8221; custom_padding=&#8221;27vw|0px|0|0px|false|false&#8221; custom_padding_tablet=&#8221;&#8221; custom_padding_phone=&#8221;0vw|0px|0|0px|false|false&#8221; bottom_divider_style=&#8221;curve&#8221; bottom_divider_height=&#8221;124px&#8221; bottom_divider_repeat=&#8221;0x&#8221; bottom_divider_arrangement=&#8221;above_content&#8221; bottom_divider_style_tablet=&#8221;&#8221; bottom_divider_style_phone=&#8221;none&#8221; bottom_divider_style_last_edited=&#8221;on|phone&#8221; background_last_edited=&#8221;on|phone&#8221; background_enable_image_phone=&#8221;off&#8221; parallax_phone=&#8221;on&#8221;][et_pb_row custom_padding_last_edited=&#8221;on|phone&#8221; padding_top_bottom_link_1=&#8221;false&#8221; padding_left_right_link_1=&#8221;true&#8221; _builder_version=&#8221;4.4.7&#8243; background_size=&#8221;initial&#8221; background_position=&#8221;top_left&#8221; background_repeat=&#8221;repeat&#8221; max_width=&#8221;1160px&#8221; custom_margin=&#8221;|auto|-1px|auto||false&#8221; custom_margin_tablet=&#8221;&#8221; custom_margin_phone=&#8221;&#8221; custom_margin_last_edited=&#8221;on|phone&#8221; custom_padding=&#8221;27px|0px|0px|0px|false|false&#8221; custom_padding_tablet=&#8221;&#8221; custom_padding_phone=&#8221;0px|0px|0px|0px|false|false&#8221; animation_style=&#8221;fade&#8221; animation_duration=&#8221;2000ms&#8221; animation_delay=&#8221;100ms&#8221; animation_duration_tablet=&#8221;&#8221; animation_duration_phone=&#8221;200ms&#8221; animation_duration_last_edited=&#8221;on|phone&#8221; animation_delay_tablet=&#8221;&#8221; animation_delay_phone=&#8221;0ms&#8221; animation_delay_last_edited=&#8221;on|phone&#8221; use_custom_width=&#8221;on&#8221; custom_width_px=&#8221;1160px&#8221;][et_pb_column type=&#8221;4_4&#8243; _builder_version=&#8221;4.4.7&#8243; background_color=&#8221;rgba(255,255,255,0.96)&#8221; custom_padding=&#8221;40px|40px|0px|40px|false|false&#8221; animation_style=&#8221;fade&#8221; animation_duration=&#8221;2000ms&#8221; animation_delay=&#8221;1000ms&#8221; border_radii=&#8221;on|10px|10px|10px|10px&#8221; custom_padding__hover=&#8221;|||&#8221;][et_pb_text _builder_version=&#8221;4.4.7&#8243; text_font=&#8221;||||||||&#8221; ul_font=&#8221;||||||||&#8221; ol_font=&#8221;||||||||&#8221; header_font=&#8221;|700|||||||&#8221; header_font_size=&#8221;48px&#8221; header_line_height=&#8221;1.5em&#8221; header_2_font=&#8221;||||||||&#8221; header_3_font=&#8221;|700||on|||||&#8221; header_3_text_color=&#8221;#e02b20&#8243; header_3_font_size=&#8221;14px&#8221; header_3_letter_spacing=&#8221;2px&#8221; header_3_line_height=&#8221;2em&#8221; header_4_font=&#8221;||||||||&#8221; header_5_font=&#8221;||||||||&#8221; header_6_font=&#8221;||||||||&#8221; custom_margin=&#8221;|0px||0px|false|false&#8221; custom_margin_tablet=&#8221;&#8221; custom_margin_phone=&#8221;|-40px||-40px|false|false&#8221; custom_margin_last_edited=&#8221;on|phone&#8221; header_font_size_tablet=&#8221;38px&#8221; header_font_size_phone=&#8221;28px&#8221; header_font_size_last_edited=&#8221;on|phone&#8221; locked=&#8221;off&#8221;]<\/p>\n<h3>astronomia para escuelas e institutos<\/h3>\n<h1>Centros educativos<\/h1>\n<p>[\/et_pb_text][et_pb_divider color=&#8221;#e02b20&#8243; divider_weight=&#8221;4px&#8221; _builder_version=&#8221;4.4.7&#8243; max_width=&#8221;140px&#8221; height=&#8221;4px&#8221; locked=&#8221;off&#8221;][\/et_pb_divider][et_pb_text _builder_version=&#8221;4.4.7&#8243; text_font=&#8221;||||||||&#8221; text_font_size=&#8221;15px&#8221; text_line_height=&#8221;2em&#8221; custom_margin=&#8221;|0px||0px|false|false&#8221; custom_margin_tablet=&#8221;&#8221; custom_margin_phone=&#8221;|-40px||-40px|false|false&#8221; custom_margin_last_edited=&#8221;on|phone&#8221; custom_padding=&#8221;||50px|||&#8221; custom_padding_tablet=&#8221;&#8221; custom_padding_phone=&#8221;||0px||false|false&#8221; custom_padding_last_edited=&#8221;on|desktop&#8221; text_font_size_tablet=&#8221;&#8221; text_font_size_phone=&#8221;14px&#8221; text_font_size_last_edited=&#8221;on|phone&#8221; locked=&#8221;off&#8221;]<\/p>\n<p style=\"text-align: justify\">El equipo de Gu\u00edas astron\u00f3micos Starlight del Parque Astron\u00f3mico Monta\u00f1as de Prades son <strong>maestros titulados con m\u00e1s de 15 a\u00f1os de experiencia en el \u00e1mbito educativo y cient\u00edfico<\/strong>, tanto en la formaci\u00f3n de ni\u00f1os como de j\u00f3venes y adultos. Han participado en multitud de proyectos educativos y cient\u00edficos en colaboraci\u00f3n con el Instituto de Astrof\u00edsica de Canarias, el Departamento de Educaci\u00f3n de la Generalitat de Catalu\u00f1a, la Agencia Espacial Europea (ESA) y la Agencia Espacial de los Estados Unidos (NASA).<\/p>\n<p style=\"text-align: justify\">Nuestro equipo os ofrecer\u00e1 una sesi\u00f3n a medida por vuestro grupo ayud\u00e1ndoos a vosotros, maestros\/as y profesoras\/es, a profundizar en los conocimientos sobre el universo y la ciencia. Podemos hacer hincapi\u00e9 donde m\u00e1s os interese: conocimiento del funcionamiento de nuestro Sistema Solar, las galaxias y las nebulosas, la V\u00eda L\u00e1ctea, ciencias aeroespaciales, cosmolog\u00eda, astronom\u00eda observacional, mujeres y ciencia, historia de la astronom\u00eda, la protecci\u00f3n de los cielos oscuros, etc.<\/p>\n<p style=\"text-align: justify\">Porque vuestra estancia al Parque Astron\u00f3mico de las Monta\u00f1as de Prades sea \u00fanica os ofrecemos dos modalidades principales de visita: <strong>Sesi\u00f3n Astron\u00f3mica 360<\/strong>\u00b0 y <strong>Sesi\u00f3n Astron\u00f3mica Nocturna 360\u00b0<\/strong>.<\/p>\n<p>[\/et_pb_text][\/et_pb_column][\/et_pb_row][et_pb_row column_structure=&#8221;1_2,1_2&#8243; make_equal=&#8221;on&#8221; custom_padding_last_edited=&#8221;on|phone&#8221; padding_top_bottom_link_1=&#8221;false&#8221; padding_left_right_link_1=&#8221;true&#8221; _builder_version=&#8221;4.4.7&#8243; background_size=&#8221;initial&#8221; background_position=&#8221;top_left&#8221; background_repeat=&#8221;repeat&#8221; max_width=&#8221;1160px&#8221; custom_margin=&#8221;|auto|-1px|auto||false&#8221; custom_margin_tablet=&#8221;&#8221; custom_margin_phone=&#8221;28px|auto|51px|auto||false&#8221; custom_margin_last_edited=&#8221;on|phone&#8221; custom_padding=&#8221;27px|0px|0px|0px|false|false&#8221; custom_padding_tablet=&#8221;&#8221; custom_padding_phone=&#8221;0px|0px|0px|0px|false|false&#8221; animation_style=&#8221;fade&#8221; animation_duration=&#8221;2000ms&#8221; animation_delay=&#8221;100ms&#8221; animation_duration_tablet=&#8221;&#8221; animation_duration_phone=&#8221;200ms&#8221; animation_duration_last_edited=&#8221;on|phone&#8221; animation_delay_tablet=&#8221;&#8221; animation_delay_phone=&#8221;0ms&#8221; animation_delay_last_edited=&#8221;on|phone&#8221; use_custom_width=&#8221;on&#8221; custom_width_px=&#8221;1160px&#8221; locked=&#8221;off&#8221;][et_pb_column type=&#8221;1_2&#8243; _builder_version=&#8221;4.4.7&#8243; _dynamic_attributes=&#8221;link_option_url&#8221; background_color=&#8221;rgba(255,255,255,0.96)&#8221; custom_padding=&#8221;40px|40px|0px|40px|false|false&#8221; animation_style=&#8221;fade&#8221; animation_duration=&#8221;2000ms&#8221; animation_delay=&#8221;1000ms&#8221; link_option_url=&#8221;@ET-DC@eyJkeW5hbWljIjp0cnVlLCJjb250ZW50IjoicG9zdF9saW5rX3VybF9wYWdlIiwic2V0dGluZ3MiOnsicG9zdF9pZCI6IjU4NiJ9fQ==@&#8221; background_color_phone=&#8221;rgba(224,43,32,0.08)&#8221; background_last_edited=&#8221;on|phone&#8221; background_enable_color_phone=&#8221;on&#8221; border_radii=&#8221;on|10px|10px|10px|10px&#8221; border_color_all=&#8221;#e02b20&#8243; border_radii_tablet=&#8221;&#8221; border_radii_phone=&#8221;&#8221; border_radii_last_edited=&#8221;on|desktop&#8221; border_width_all_tablet=&#8221;&#8221; border_width_all_phone=&#8221;2px&#8221; border_width_all_last_edited=&#8221;on|phone&#8221; border_color_all_tablet=&#8221;&#8221; border_color_all_phone=&#8221;&#8221; border_color_all_last_edited=&#8221;on|desktop&#8221; box_shadow_style=&#8221;preset1&#8243; custom_padding__hover=&#8221;|||&#8221;][et_pb_image src=&#8221;https:\/\/www.parcastronomicprades.cat\/wp-content\/uploads\/2020\/07\/sessioAstronomicaNocturna-scaled.jpg&#8221; title_text=&#8221;sessioAstronomicaNocturna&#8221; _builder_version=&#8221;4.4.7&#8243; border_radii=&#8221;on|6px|6px|6px|6px&#8221;][\/et_pb_image][et_pb_divider color=&#8221;#e02b20&#8243; divider_weight=&#8221;4px&#8221; _builder_version=&#8221;4.4.7&#8243; max_width=&#8221;140px&#8221; module_alignment=&#8221;center&#8221; height=&#8221;4px&#8221; locked=&#8221;off&#8221;][\/et_pb_divider][et_pb_text _builder_version=&#8221;4.4.7&#8243; text_font=&#8221;||||||||&#8221; ul_font=&#8221;||||||||&#8221; ol_font=&#8221;||||||||&#8221; header_font=&#8221;Playfair Display|700|||||||&#8221; header_font_size=&#8221;48px&#8221; header_line_height=&#8221;1.5em&#8221; header_2_font=&#8221;||||||||&#8221; header_2_text_align=&#8221;left&#8221; header_2_font_size=&#8221;30px&#8221; header_3_font=&#8221;Rubik|500||on|||||&#8221; header_3_text_color=&#8221;#e02b20&#8243; header_3_font_size=&#8221;14px&#8221; header_3_letter_spacing=&#8221;2px&#8221; header_3_line_height=&#8221;2em&#8221; header_4_font=&#8221;||||||||&#8221; header_5_font=&#8221;||||||||&#8221; header_6_font=&#8221;||||||||&#8221; custom_margin=&#8221;|0px||0px|false|false&#8221; custom_margin_tablet=&#8221;&#8221; custom_margin_phone=&#8221;|-40px||-40px|false|false&#8221; custom_margin_last_edited=&#8221;on|phone&#8221; custom_padding=&#8221;||20px|||&#8221; header_font_size_tablet=&#8221;38px&#8221; header_font_size_phone=&#8221;28px&#8221; header_font_size_last_edited=&#8221;on|phone&#8221; locked=&#8221;off&#8221;]<\/p>\n<h2 style=\"text-align: center\"><strong>Sesi\u00f3n Astron\u00f3mica Nocturna 360\u00b0<\/strong><\/h2>\n<p>[\/et_pb_text][\/et_pb_column][et_pb_column type=&#8221;1_2&#8243; _builder_version=&#8221;4.4.7&#8243; _dynamic_attributes=&#8221;link_option_url&#8221; background_color=&#8221;rgba(255,255,255,0.96)&#8221; custom_padding=&#8221;40px|40px|0px|40px|false|false&#8221; animation_style=&#8221;fade&#8221; animation_duration=&#8221;2000ms&#8221; animation_delay=&#8221;1000ms&#8221; link_option_url=&#8221;@ET-DC@eyJkeW5hbWljIjp0cnVlLCJjb250ZW50IjoicG9zdF9saW5rX3VybF9wYWdlIiwic2V0dGluZ3MiOnsicG9zdF9pZCI6IjU5MiJ9fQ==@&#8221; background_color_phone=&#8221;rgba(224,43,32,0.08)&#8221; background_last_edited=&#8221;on|phone&#8221; border_radii=&#8221;on|10px|10px|10px|10px&#8221; border_color_all=&#8221;#e02b20&#8243; border_radii_tablet=&#8221;&#8221; border_radii_phone=&#8221;&#8221; border_radii_last_edited=&#8221;on|desktop&#8221; border_width_all_tablet=&#8221;&#8221; border_width_all_phone=&#8221;2px&#8221; border_width_all_last_edited=&#8221;on|phone&#8221; border_color_all_tablet=&#8221;&#8221; border_color_all_phone=&#8221;&#8221; border_color_all_last_edited=&#8221;on|desktop&#8221; box_shadow_style=&#8221;preset1&#8243; custom_padding__hover=&#8221;|||&#8221;][et_pb_image src=&#8221;https:\/\/www.parcastronomicprades.cat\/wp-content\/uploads\/2020\/07\/SessioAstronomica-scaled.jpg&#8221; title_text=&#8221;SessioAstronomica&#8221; _builder_version=&#8221;4.4.7&#8243; border_radii=&#8221;on|6px|6px|6px|6px&#8221;][\/et_pb_image][et_pb_divider color=&#8221;#e02b20&#8243; divider_weight=&#8221;4px&#8221; _builder_version=&#8221;4.4.7&#8243; max_width=&#8221;140px&#8221; module_alignment=&#8221;center&#8221; height=&#8221;4px&#8221; locked=&#8221;off&#8221;][\/et_pb_divider][et_pb_text _builder_version=&#8221;4.4.7&#8243; text_font=&#8221;||||||||&#8221; ul_font=&#8221;||||||||&#8221; ol_font=&#8221;||||||||&#8221; header_font=&#8221;Playfair Display|700|||||||&#8221; header_font_size=&#8221;48px&#8221; header_line_height=&#8221;1.5em&#8221; header_2_font=&#8221;||||||||&#8221; header_2_text_align=&#8221;left&#8221; header_2_font_size=&#8221;30px&#8221; header_3_font=&#8221;Rubik|500||on|||||&#8221; header_3_text_color=&#8221;#e02b20&#8243; header_3_font_size=&#8221;14px&#8221; header_3_letter_spacing=&#8221;2px&#8221; header_3_line_height=&#8221;2em&#8221; header_4_font=&#8221;||||||||&#8221; header_5_font=&#8221;||||||||&#8221; header_6_font=&#8221;||||||||&#8221; custom_margin=&#8221;|0px||0px|false|false&#8221; custom_margin_tablet=&#8221;&#8221; custom_margin_phone=&#8221;|-40px||-40px|false|false&#8221; custom_margin_last_edited=&#8221;on|phone&#8221; custom_padding=&#8221;||20px|||&#8221; header_font_size_tablet=&#8221;38px&#8221; header_font_size_phone=&#8221;28px&#8221; header_font_size_last_edited=&#8221;on|phone&#8221; locked=&#8221;off&#8221;]<\/p>\n<h2 style=\"text-align: center\"><strong>Sesi\u00f3n Astron\u00f3mica 360\u00b0<\/strong><\/h2>\n<p>[\/et_pb_text][\/et_pb_column][\/et_pb_row][et_pb_row column_structure=&#8221;1_2,1_2&#8243; make_equal=&#8221;on&#8221; custom_padding_last_edited=&#8221;on|phone&#8221; padding_top_bottom_link_1=&#8221;false&#8221; padding_left_right_link_1=&#8221;true&#8221; _builder_version=&#8221;4.4.7&#8243; background_size=&#8221;initial&#8221; background_position=&#8221;top_left&#8221; background_repeat=&#8221;repeat&#8221; max_width=&#8221;1160px&#8221; custom_margin=&#8221;|auto|-1px|auto||false&#8221; custom_margin_tablet=&#8221;&#8221; custom_margin_phone=&#8221;28px|auto|51px|auto||false&#8221; custom_margin_last_edited=&#8221;on|phone&#8221; custom_padding=&#8221;27px|0px|177px|0px|false|false&#8221; custom_padding_tablet=&#8221;&#8221; custom_padding_phone=&#8221;0px|0px|0px|0px|false|false&#8221; animation_style=&#8221;fade&#8221; animation_duration=&#8221;2000ms&#8221; animation_delay=&#8221;100ms&#8221; animation_duration_tablet=&#8221;&#8221; animation_duration_phone=&#8221;200ms&#8221; animation_duration_last_edited=&#8221;on|phone&#8221; animation_delay_tablet=&#8221;&#8221; animation_delay_phone=&#8221;0ms&#8221; animation_delay_last_edited=&#8221;on|phone&#8221; use_custom_width=&#8221;on&#8221; custom_width_px=&#8221;1160px&#8221; locked=&#8221;off&#8221;][et_pb_column type=&#8221;1_2&#8243; _builder_version=&#8221;4.4.7&#8243; _dynamic_attributes=&#8221;link_option_url&#8221; background_color=&#8221;rgba(255,255,255,0.96)&#8221; custom_padding=&#8221;40px|40px|0px|40px|false|false&#8221; animation_style=&#8221;fade&#8221; animation_duration=&#8221;2000ms&#8221; animation_delay=&#8221;1000ms&#8221; link_option_url=&#8221;@ET-DC@eyJkeW5hbWljIjp0cnVlLCJjb250ZW50IjoicG9zdF9saW5rX3VybF9wYWdlIiwic2V0dGluZ3MiOnsicG9zdF9pZCI6IjU5OCJ9fQ==@&#8221; background_color_phone=&#8221;rgba(224,43,32,0.08)&#8221; background_last_edited=&#8221;on|phone&#8221; background_enable_color_phone=&#8221;on&#8221; border_radii=&#8221;on|10px|10px|10px|10px&#8221; border_color_all=&#8221;#e02b20&#8243; border_radii_tablet=&#8221;&#8221; border_radii_phone=&#8221;&#8221; border_radii_last_edited=&#8221;on|desktop&#8221; border_width_all_tablet=&#8221;&#8221; border_width_all_phone=&#8221;2px&#8221; border_width_all_last_edited=&#8221;on|phone&#8221; border_color_all_tablet=&#8221;&#8221; border_color_all_phone=&#8221;&#8221; border_color_all_last_edited=&#8221;on|desktop&#8221; box_shadow_style=&#8221;preset1&#8243; custom_padding__hover=&#8221;|||&#8221;][et_pb_image src=&#8221;https:\/\/www.parcastronomicprades.cat\/wp-content\/uploads\/2020\/07\/SessioPlanetari-scaled.jpg&#8221; title_text=&#8221;SessioPlanetari&#8221; _builder_version=&#8221;4.4.7&#8243; border_radii=&#8221;on|6px|6px|6px|6px&#8221;][\/et_pb_image][et_pb_divider color=&#8221;#e02b20&#8243; divider_weight=&#8221;4px&#8221; _builder_version=&#8221;4.4.7&#8243; max_width=&#8221;140px&#8221; module_alignment=&#8221;center&#8221; height=&#8221;4px&#8221; locked=&#8221;off&#8221;][\/et_pb_divider][et_pb_text _builder_version=&#8221;4.4.7&#8243; text_font=&#8221;||||||||&#8221; ul_font=&#8221;||||||||&#8221; ol_font=&#8221;||||||||&#8221; header_font=&#8221;Playfair Display|700|||||||&#8221; header_font_size=&#8221;48px&#8221; header_line_height=&#8221;1.5em&#8221; header_2_font=&#8221;||||||||&#8221; header_2_text_align=&#8221;left&#8221; header_2_font_size=&#8221;30px&#8221; header_3_font=&#8221;Rubik|500||on|||||&#8221; header_3_text_color=&#8221;#e02b20&#8243; header_3_font_size=&#8221;14px&#8221; header_3_letter_spacing=&#8221;2px&#8221; header_3_line_height=&#8221;2em&#8221; header_4_font=&#8221;||||||||&#8221; header_5_font=&#8221;||||||||&#8221; header_6_font=&#8221;||||||||&#8221; custom_margin=&#8221;|0px||0px|false|false&#8221; custom_margin_tablet=&#8221;&#8221; custom_margin_phone=&#8221;|-40px||-40px|false|false&#8221; custom_margin_last_edited=&#8221;on|phone&#8221; custom_padding=&#8221;||20px|||&#8221; header_font_size_tablet=&#8221;38px&#8221; header_font_size_phone=&#8221;28px&#8221; header_font_size_last_edited=&#8221;on|phone&#8221; locked=&#8221;off&#8221;]<\/p>\n<h2 style=\"text-align: center\"><strong>Visitamos vuestro centro: Planetario 360\u00b0 Full Dome y sesi\u00f3n de astronom\u00eda<\/strong><\/h2>\n<p>[\/et_pb_text][\/et_pb_column][et_pb_column type=&#8221;1_2&#8243; _builder_version=&#8221;4.4.7&#8243; _dynamic_attributes=&#8221;link_option_url&#8221; background_color=&#8221;rgba(255,255,255,0.96)&#8221; custom_padding=&#8221;40px|40px|0px|40px|false|false&#8221; animation_style=&#8221;fade&#8221; animation_duration=&#8221;2000ms&#8221; animation_delay=&#8221;1000ms&#8221; link_option_url=&#8221;@ET-DC@eyJkeW5hbWljIjp0cnVlLCJjb250ZW50IjoicG9zdF9saW5rX3VybF9wYWdlIiwic2V0dGluZ3MiOnsicG9zdF9pZCI6IjYwMyJ9fQ==@&#8221; background_color_phone=&#8221;rgba(224,43,32,0.08)&#8221; background_last_edited=&#8221;on|phone&#8221; border_radii=&#8221;on|10px|10px|10px|10px&#8221; border_color_all=&#8221;#e02b20&#8243; border_radii_tablet=&#8221;&#8221; border_radii_phone=&#8221;&#8221; border_radii_last_edited=&#8221;on|desktop&#8221; border_width_all_tablet=&#8221;&#8221; border_width_all_phone=&#8221;2px&#8221; border_width_all_last_edited=&#8221;on|phone&#8221; border_color_all_tablet=&#8221;&#8221; border_color_all_phone=&#8221;&#8221; border_color_all_last_edited=&#8221;on|desktop&#8221; box_shadow_style=&#8221;preset1&#8243; custom_padding__hover=&#8221;|||&#8221;][et_pb_image src=&#8221;https:\/\/www.parcastronomicprades.cat\/wp-content\/uploads\/2020\/07\/Sessions_a_Mida-scaled.jpg&#8221; title_text=&#8221;Sessions_a_Mida&#8221; _builder_version=&#8221;4.4.7&#8243; border_radii=&#8221;on|6px|6px|6px|6px&#8221;][\/et_pb_image][et_pb_divider color=&#8221;#e02b20&#8243; divider_weight=&#8221;4px&#8221; _builder_version=&#8221;4.4.7&#8243; max_width=&#8221;140px&#8221; module_alignment=&#8221;center&#8221; height=&#8221;4px&#8221; locked=&#8221;off&#8221;][\/et_pb_divider][et_pb_text _builder_version=&#8221;4.4.7&#8243; text_font=&#8221;||||||||&#8221; ul_font=&#8221;||||||||&#8221; ol_font=&#8221;||||||||&#8221; header_font=&#8221;Playfair Display|700|||||||&#8221; header_font_size=&#8221;48px&#8221; header_line_height=&#8221;1.5em&#8221; header_2_font=&#8221;||||||||&#8221; header_2_text_align=&#8221;left&#8221; header_2_font_size=&#8221;30px&#8221; header_3_font=&#8221;Rubik|500||on|||||&#8221; header_3_text_color=&#8221;#e02b20&#8243; header_3_font_size=&#8221;14px&#8221; header_3_letter_spacing=&#8221;2px&#8221; header_3_line_height=&#8221;2em&#8221; header_4_font=&#8221;||||||||&#8221; header_5_font=&#8221;||||||||&#8221; header_6_font=&#8221;||||||||&#8221; custom_margin=&#8221;|0px||0px|false|false&#8221; custom_margin_tablet=&#8221;&#8221; custom_margin_phone=&#8221;|-40px||-40px|false|false&#8221; custom_margin_last_edited=&#8221;on|phone&#8221; custom_padding=&#8221;||20px|||&#8221; header_font_size_tablet=&#8221;38px&#8221; header_font_size_phone=&#8221;28px&#8221; header_font_size_last_edited=&#8221;on|phone&#8221; locked=&#8221;off&#8221;]<\/p>\n<h2 style=\"text-align: center\"><strong>Sesiones a medida<\/strong><\/h2>\n<p>[\/et_pb_text][\/et_pb_column][\/et_pb_row][\/et_pb_section][et_pb_section fb_built=&#8221;1&#8243; custom_padding_last_edited=&#8221;on|desktop&#8221; disabled_on=&#8221;on|on|on&#8221; _builder_version=&#8221;4.5.1&#8243; background_enable_image=&#8221;off&#8221; parallax=&#8221;on&#8221; custom_margin=&#8221;||39px|||&#8221; custom_padding=&#8221;185px||0px|||&#8221; custom_padding_tablet=&#8221;&#8221; custom_padding_phone=&#8221;0px||||false|false&#8221; disabled=&#8221;on&#8221; global_module=&#8221;532&#8243; saved_tabs=&#8221;all&#8221;][\/et_pb_section]<\/p>\n","protected":false},"excerpt":{"rendered":"<p>[et_pb_section fb_built=&#8221;1&#8243; disabled_on=&#8221;off|on|on&#8221; _builder_version=&#8221;4.4.7&#8243; background_image=&#8221;https:\/\/www.parcastronomicprades.cat\/wp-content\/uploads\/2020\/06\/centres-educatius-PAP-scaled.jpg&#8221; custom_padding=&#8221;||116px|||&#8221;][\/et_pb_section][et_pb_section fb_built=&#8221;1&#8243; custom_padding_last_edited=&#8221;on|tablet&#8221; next_background_color=&#8221;#ffffff&#8221; admin_label=&#8221;Header&#8221; _builder_version=&#8221;4.4.7&#8243; background_image=&#8221;https:\/\/www.parcastronomicprades.cat\/wp-content\/uploads\/2020\/06\/centres-educatius-PAP-scaled.jpg&#8221; parallax=&#8221;on&#8221; parallax_method=&#8221;off&#8221; custom_margin=&#8221;|||&#8221; custom_margin_tablet=&#8221;&#8221; custom_margin_phone=&#8221;&#8221; custom_margin_last_edited=&#8221;on|phone&#8221; custom_padding=&#8221;27vw|0px|0|0px|false|false&#8221; custom_padding_tablet=&#8221;&#8221; custom_padding_phone=&#8221;0vw|0px|0|0px|false|false&#8221; bottom_divider_style=&#8221;curve&#8221; bottom_divider_height=&#8221;124px&#8221; bottom_divider_repeat=&#8221;0x&#8221; bottom_divider_arrangement=&#8221;above_content&#8221; bottom_divider_style_tablet=&#8221;&#8221; bottom_divider_style_phone=&#8221;none&#8221; bottom_divider_style_last_edited=&#8221;on|phone&#8221; background_last_edited=&#8221;on|phone&#8221; background_enable_image_phone=&#8221;off&#8221; parallax_phone=&#8221;on&#8221;][et_pb_row custom_padding_last_edited=&#8221;on|phone&#8221; padding_top_bottom_link_1=&#8221;false&#8221; padding_left_right_link_1=&#8221;true&#8221; _builder_version=&#8221;4.4.7&#8243; background_size=&#8221;initial&#8221; background_position=&#8221;top_left&#8221; background_repeat=&#8221;repeat&#8221; max_width=&#8221;1160px&#8221; custom_margin=&#8221;|auto|-1px|auto||false&#8221; custom_margin_tablet=&#8221;&#8221; custom_margin_phone=&#8221;&#8221; custom_margin_last_edited=&#8221;on|phone&#8221; custom_padding=&#8221;27px|0px|0px|0px|false|false&#8221; custom_padding_tablet=&#8221;&#8221; custom_padding_phone=&#8221;0px|0px|0px|0px|false|false&#8221; animation_style=&#8221;fade&#8221; animation_duration=&#8221;2000ms&#8221; animation_delay=&#8221;100ms&#8221; animation_duration_tablet=&#8221;&#8221; animation_duration_phone=&#8221;200ms&#8221; animation_duration_last_edited=&#8221;on|phone&#8221; animation_delay_tablet=&#8221;&#8221; animation_delay_phone=&#8221;0ms&#8221; animation_delay_last_edited=&#8221;on|phone&#8221; [&hellip;]<\/p>\n","protected":false},"author":1,"featured_media":0,"parent":0,"menu_order":0,"comment_status":"closed","ping_status":"closed","template":"","meta":{"_et_pb_use_builder":"on","_et_pb_old_content":"","_et_gb_content_width":""},"_links":{"self":[{"href":"https:\/\/dev.parcastronomicprades.cat\/es\/wp-json\/wp\/v2\/pages\/4163"}],"collection":[{"href":"https:\/\/dev.parcastronomicprades.cat\/es\/wp-json\/wp\/v2\/pages"}],"about":[{"href":"https:\/\/dev.parcastronomicprades.cat\/es\/wp-json\/wp\/v2\/types\/page"}],"author":[{"embeddable":true,"href":"https:\/\/dev.parcastronomicprades.cat\/es\/wp-json\/wp\/v2\/users\/1"}],"replies":[{"embeddable":true,"href":"https:\/\/dev.parcastronomicprades.cat\/es\/wp-json\/wp\/v2\/comments?post=4163"}],"version-history":[{"count":32,"href":"https:\/\/dev.parcastronomicprades.cat\/es\/wp-json\/wp\/v2\/pages\/4163\/revisions"}],"predecessor-version":[{"id":10094,"href":"https:\/\/dev.parcastronomicprades.cat\/es\/wp-json\/wp\/v2\/pages\/4163\/revisions\/10094"}],"wp:attachment":[{"href":"https:\/\/dev.parcastronomicprades.cat\/es\/wp-json\/wp\/v2\/media?parent=4163"}],"curies":[{"name":"wp","href":"https:\/\/api.w.org\/{rel}","templated":true}]}}